{"id":4755,"date":"2023-01-24T18:18:13","date_gmt":"2023-01-24T18:18:13","guid":{"rendered":"https:\/\/ton.connectingminds.net\/product\/once-eroski-tour-de-france\/"},"modified":"2026-04-20T20:51:14","modified_gmt":"2026-04-20T18:51:14","slug":"une-fois-eroski-tour-de-france","status":"publish","type":"product","link":"https:\/\/mail.cyclingoriginals.com\/fr\/retro-wielershirt\/once-eroski-tour-de-france\/","title":{"rendered":"UNE FOIS (g)-CHEMISE DE CYCLISME EROSKI 2001 TOUR DE FRANCE"},"content":{"rendered":"<p>UNE FOIS-EROSKI 2001 TOUR DE FRANCE<\/p>\n<p>Comme l&#039;\u00e9quipe ONCE porte le maillot jaune, il \u00e9tait n\u00e9cessaire de porter un maillot diff\u00e9rent lors du TOUR DE FRANCE afin d&#039;\u00e9viter toute confusion avec le MAILLOT JAUNE.<\/p>\n<p>C\u2019est pourquoi il existe un maillot rose sur le Tour de France.<\/p>","protected":false},"excerpt":{"rendered":"<p>ONCE-EROSKI TOUR DE FRANCE 2001 : Comme ONCE portait le maillot jaune, il \u00e9tait n\u00e9cessaire de porter un maillot diff\u00e9rent lors du TOUR DE FRANCE afin d&#039;\u00e9viter toute confusion avec le maillot jaune officiel. C&#039;est pourquoi l&#039;\u00e9quipe a opt\u00e9 pour un maillot rose.<\/p>","protected":false},"featured_media":178489,"template":"","meta":[],"product_brand":[],"product_cat":[151],"product_tag":[],"class_list":{"0":"post-4755","1":"product","2":"type-product","3":"status-publish","4":"has-post-thumbnail","6":"product_cat-pro-team","8":"first","9":"onbackorder","10":"taxable","11":"shipping-taxable","12":"purchasable","13":"product-type-variable"},"yoast_head":"<!-- This site is optimized with the Yoast SEO plugin v27.5 - https:\/\/yoast.com\/product\/yoast-seo-wordpress\/ -->\n<title>ONCE (g)-EROSKI 2001  TOUR DE FRANCE  WIELERSHIRT - Ton Merckx Wielershirts - Rondreis door de wereld van wielershirts<\/title>\n<meta name=\"robots\" content=\"index, follow, max-snippet:-1, max-image-preview:large, max-video-preview:-1\" \/>\n<link rel=\"canonical\" href=\"https:\/\/vintagecycling.store\/pt\/camisa-de-ciclismo-retro\/uma-vez-eroski-tour-de-france\/\" \/>\n<meta property=\"og:locale\" content=\"fr_FR\" \/>\n<meta property=\"og:type\" content=\"article\" \/>\n<meta property=\"og:title\" content=\"ONCE (g)-EROSKI 2001  TOUR DE FRANCE  WIELERSHIRT - Ton Merckx Wielershirts - Rondreis door de wereld van wielershirts\" \/>\n<meta property=\"og:description\" content=\"ONCE-EROSKI 2001 TOUR DE FRANCE Omdat ONCE in een geel shirt rijdt, was het nodig om in de TOUR DE FRANCE een ander shirt te dragen om geen verwarring te krijgen met de GELE TRUI. Daarom in de Tour de France een roze shirt.\" \/>\n<meta property=\"og:url\" content=\"https:\/\/vintagecycling.store\/pt\/camisa-de-ciclismo-retro\/uma-vez-eroski-tour-de-france\/\" \/>\n<meta property=\"og:site_name\" content=\"Ton Merckx Wielershirts - Rondreis door de wereld van wielershirts\" \/>\n<meta property=\"article:modified_time\" content=\"2026-04-20T18:51:14+00:00\" \/>\n<meta property=\"og:image\" content=\"https:\/\/vintagecycling.store\/wp-content\/uploads\/2023\/01\/IMG_5009-scaled.jpg\" \/>\n\t<meta property=\"og:image:width\" content=\"1920\" \/>\n\t<meta property=\"og:image:height\" content=\"2560\" \/>\n\t<meta property=\"og:image:type\" content=\"image\/jpeg\" \/>\n<meta name=\"twitter:card\" content=\"summary_large_image\" \/>\n<meta name=\"twitter:label1\" content=\"Dur\u00e9e de lecture estim\u00e9e\" \/>\n\t<meta name=\"twitter:data1\" content=\"1 minute\" \/>\n<script type=\"application\/ld+json\" class=\"yoast-schema-graph\">{\"@context\":\"https:\\\/\\\/schema.org\",\"@graph\":[{\"@type\":\"WebPage\",\"@id\":\"https:\\\/\\\/vintagecycling.store\\\/pt\\\/camisa-de-ciclismo-retro\\\/uma-vez-eroski-tour-de-france\\\/\",\"url\":\"https:\\\/\\\/vintagecycling.store\\\/pt\\\/camisa-de-ciclismo-retro\\\/uma-vez-eroski-tour-de-france\\\/\",\"name\":\"ONCE (g)-EROSKI 2001 TOUR DE FRANCE WIELERSHIRT - Ton Merckx Wielershirts - Rondreis door de wereld van wielershirts\",\"isPartOf\":{\"@id\":\"https:\\\/\\\/vintagecycling.store\\\/de\\\/#website\"},\"primaryImageOfPage\":{\"@id\":\"https:\\\/\\\/vintagecycling.store\\\/pt\\\/camisa-de-ciclismo-retro\\\/uma-vez-eroski-tour-de-france\\\/#primaryimage\"},\"image\":{\"@id\":\"https:\\\/\\\/vintagecycling.store\\\/pt\\\/camisa-de-ciclismo-retro\\\/uma-vez-eroski-tour-de-france\\\/#primaryimage\"},\"thumbnailUrl\":\"https:\\\/\\\/mail.cyclingoriginals.com\\\/wp-content\\\/uploads\\\/2023\\\/01\\\/IMG_5009-scaled.jpg\",\"datePublished\":\"2023-01-24T18:18:13+00:00\",\"dateModified\":\"2026-04-20T18:51:14+00:00\",\"breadcrumb\":{\"@id\":\"https:\\\/\\\/vintagecycling.store\\\/pt\\\/camisa-de-ciclismo-retro\\\/uma-vez-eroski-tour-de-france\\\/#breadcrumb\"},\"inLanguage\":\"fr-FR\",\"potentialAction\":[{\"@type\":\"ReadAction\",\"target\":[\"https:\\\/\\\/vintagecycling.store\\\/pt\\\/camisa-de-ciclismo-retro\\\/uma-vez-eroski-tour-de-france\\\/\"]}]},{\"@type\":\"ImageObject\",\"inLanguage\":\"fr-FR\",\"@id\":\"https:\\\/\\\/vintagecycling.store\\\/pt\\\/camisa-de-ciclismo-retro\\\/uma-vez-eroski-tour-de-france\\\/#primaryimage\",\"url\":\"https:\\\/\\\/mail.cyclingoriginals.com\\\/wp-content\\\/uploads\\\/2023\\\/01\\\/IMG_5009-scaled.jpg\",\"contentUrl\":\"https:\\\/\\\/mail.cyclingoriginals.com\\\/wp-content\\\/uploads\\\/2023\\\/01\\\/IMG_5009-scaled.jpg\",\"width\":1920,\"height\":2560,\"caption\":\"ONCE-EROSKI 2001 TOUR DE FRANCE\"},{\"@type\":\"BreadcrumbList\",\"@id\":\"https:\\\/\\\/vintagecycling.store\\\/pt\\\/camisa-de-ciclismo-retro\\\/uma-vez-eroski-tour-de-france\\\/#breadcrumb\",\"itemListElement\":[{\"@type\":\"ListItem\",\"position\":1,\"name\":\"Home\",\"item\":\"https:\\\/\\\/tonmerckxwielershirts.nl\\\/pt\\\/\"},{\"@type\":\"ListItem\",\"position\":2,\"name\":\"Retro wielershirts\",\"item\":\"https:\\\/\\\/tonmerckxwielershirts.nl\\\/pt\\\/camisas-de-ciclismo-retro\\\/\"},{\"@type\":\"ListItem\",\"position\":3,\"name\":\"ONCE (g)-EROSKI 2001 TOUR DE FRANCE WIELERSHIRT\"}]},{\"@type\":\"WebSite\",\"@id\":\"https:\\\/\\\/vintagecycling.store\\\/de\\\/#website\",\"url\":\"https:\\\/\\\/vintagecycling.store\\\/de\\\/\",\"name\":\"Ton Merckx Wielershirts - Rondreis door de wereld van wielershirts\",\"description\":\"thousands of original cycling jerseys - order your replica!\",\"publisher\":{\"@id\":\"https:\\\/\\\/vintagecycling.store\\\/de\\\/#organization\"},\"potentialAction\":[{\"@type\":\"SearchAction\",\"target\":{\"@type\":\"EntryPoint\",\"urlTemplate\":\"https:\\\/\\\/vintagecycling.store\\\/de\\\/?s={search_term_string}\"},\"query-input\":{\"@type\":\"PropertyValueSpecification\",\"valueRequired\":true,\"valueName\":\"search_term_string\"}}],\"inLanguage\":\"fr-FR\"},{\"@type\":\"Organization\",\"@id\":\"https:\\\/\\\/vintagecycling.store\\\/de\\\/#organization\",\"name\":\"Ton Merckx Wielershirts - Rondreis door de wereld van wielershirts\",\"url\":\"https:\\\/\\\/vintagecycling.store\\\/de\\\/\",\"logo\":{\"@type\":\"ImageObject\",\"inLanguage\":\"fr-FR\",\"@id\":\"https:\\\/\\\/vintagecycling.store\\\/de\\\/#\\\/schema\\\/logo\\\/image\\\/\",\"url\":\"https:\\\/\\\/mail.cyclingoriginals.com\\\/wp-content\\\/uploads\\\/2023\\\/03\\\/ton-merckx-logo.jpg\",\"contentUrl\":\"https:\\\/\\\/mail.cyclingoriginals.com\\\/wp-content\\\/uploads\\\/2023\\\/03\\\/ton-merckx-logo.jpg\",\"width\":391,\"height\":57,\"caption\":\"Ton Merckx Wielershirts - Rondreis door de wereld van wielershirts\"},\"image\":{\"@id\":\"https:\\\/\\\/vintagecycling.store\\\/de\\\/#\\\/schema\\\/logo\\\/image\\\/\"}}]}<\/script>\n<!-- \/ Yoast SEO plugin. -->","yoast_head_json":{"title":"ONCE (g)-CHEMISE DE CYCLISME EROSKI 2001 TOUR DE FRANCE - Maillots de cyclisme Ton Merckx - Tour \u00e0 travers le monde des maillots de cyclisme","robots":{"index":"index","follow":"follow","max-snippet":"max-snippet:-1","max-image-preview":"max-image-preview:large","max-video-preview":"max-video-preview:-1"},"canonical":"https:\/\/vintagecycling.store\/pt\/camisa-de-ciclismo-retro\/uma-vez-eroski-tour-de-france\/","og_locale":"fr_FR","og_type":"article","og_title":"ONCE (g)-EROSKI 2001  TOUR DE FRANCE  WIELERSHIRT - Ton Merckx Wielershirts - Rondreis door de wereld van wielershirts","og_description":"ONCE-EROSKI 2001 TOUR DE FRANCE Omdat ONCE in een geel shirt rijdt, was het nodig om in de TOUR DE FRANCE een ander shirt te dragen om geen verwarring te krijgen met de GELE TRUI. Daarom in de Tour de France een roze shirt.","og_url":"https:\/\/vintagecycling.store\/pt\/camisa-de-ciclismo-retro\/uma-vez-eroski-tour-de-france\/","og_site_name":"Ton Merckx Wielershirts - Rondreis door de wereld van wielershirts","article_modified_time":"2026-04-20T18:51:14+00:00","og_image":[{"width":1920,"height":2560,"url":"https:\/\/vintagecycling.store\/wp-content\/uploads\/2023\/01\/IMG_5009-scaled.jpg","type":"image\/jpeg"}],"twitter_card":"summary_large_image","twitter_misc":{"Dur\u00e9e de lecture estim\u00e9e":"1 minute"},"schema":{"@context":"https:\/\/schema.org","@graph":[{"@type":"WebPage","@id":"https:\/\/vintagecycling.store\/pt\/camisa-de-ciclismo-retro\/uma-vez-eroski-tour-de-france\/","url":"https:\/\/vintagecycling.store\/pt\/camisa-de-ciclismo-retro\/uma-vez-eroski-tour-de-france\/","name":"ONCE (g)-CHEMISE DE CYCLISME EROSKI 2001 TOUR DE FRANCE - Maillots de cyclisme Ton Merckx - Tour \u00e0 travers le monde des maillots de cyclisme","isPartOf":{"@id":"https:\/\/vintagecycling.store\/de\/#website"},"primaryImageOfPage":{"@id":"https:\/\/vintagecycling.store\/pt\/camisa-de-ciclismo-retro\/uma-vez-eroski-tour-de-france\/#primaryimage"},"image":{"@id":"https:\/\/vintagecycling.store\/pt\/camisa-de-ciclismo-retro\/uma-vez-eroski-tour-de-france\/#primaryimage"},"thumbnailUrl":"https:\/\/mail.cyclingoriginals.com\/wp-content\/uploads\/2023\/01\/IMG_5009-scaled.jpg","datePublished":"2023-01-24T18:18:13+00:00","dateModified":"2026-04-20T18:51:14+00:00","breadcrumb":{"@id":"https:\/\/vintagecycling.store\/pt\/camisa-de-ciclismo-retro\/uma-vez-eroski-tour-de-france\/#breadcrumb"},"inLanguage":"fr-FR","potentialAction":[{"@type":"ReadAction","target":["https:\/\/vintagecycling.store\/pt\/camisa-de-ciclismo-retro\/uma-vez-eroski-tour-de-france\/"]}]},{"@type":"ImageObject","inLanguage":"fr-FR","@id":"https:\/\/vintagecycling.store\/pt\/camisa-de-ciclismo-retro\/uma-vez-eroski-tour-de-france\/#primaryimage","url":"https:\/\/mail.cyclingoriginals.com\/wp-content\/uploads\/2023\/01\/IMG_5009-scaled.jpg","contentUrl":"https:\/\/mail.cyclingoriginals.com\/wp-content\/uploads\/2023\/01\/IMG_5009-scaled.jpg","width":1920,"height":2560,"caption":"ONCE-EROSKI 2001 TOUR DE FRANCE"},{"@type":"BreadcrumbList","@id":"https:\/\/vintagecycling.store\/pt\/camisa-de-ciclismo-retro\/uma-vez-eroski-tour-de-france\/#breadcrumb","itemListElement":[{"@type":"ListItem","position":1,"name":"Home","item":"https:\/\/tonmerckxwielershirts.nl\/pt\/"},{"@type":"ListItem","position":2,"name":"Retro wielershirts","item":"https:\/\/tonmerckxwielershirts.nl\/pt\/camisas-de-ciclismo-retro\/"},{"@type":"ListItem","position":3,"name":"ONCE (g)-EROSKI 2001 TOUR DE FRANCE WIELERSHIRT"}]},{"@type":"WebSite","@id":"https:\/\/vintagecycling.store\/de\/#website","url":"https:\/\/vintagecycling.store\/de\/","name":"Chemises de cyclisme Ton Merckx - Tour \u00e0 travers le monde des chemises de cyclisme","description":"des milliers de maillots de cyclisme originaux - commandez votre r\u00e9plique !","publisher":{"@id":"https:\/\/vintagecycling.store\/de\/#organization"},"potentialAction":[{"@type":"SearchAction","target":{"@type":"EntryPoint","urlTemplate":"https:\/\/vintagecycling.store\/de\/?s={search_term_string}"},"query-input":{"@type":"PropertyValueSpecification","valueRequired":true,"valueName":"search_term_string"}}],"inLanguage":"fr-FR"},{"@type":"Organization","@id":"https:\/\/vintagecycling.store\/de\/#organization","name":"Chemises de cyclisme Ton Merckx - Tour \u00e0 travers le monde des chemises de cyclisme","url":"https:\/\/vintagecycling.store\/de\/","logo":{"@type":"ImageObject","inLanguage":"fr-FR","@id":"https:\/\/vintagecycling.store\/de\/#\/schema\/logo\/image\/","url":"https:\/\/mail.cyclingoriginals.com\/wp-content\/uploads\/2023\/03\/ton-merckx-logo.jpg","contentUrl":"https:\/\/mail.cyclingoriginals.com\/wp-content\/uploads\/2023\/03\/ton-merckx-logo.jpg","width":391,"height":57,"caption":"Ton Merckx Wielershirts - Rondreis door de wereld van wielershirts"},"image":{"@id":"https:\/\/vintagecycling.store\/de\/#\/schema\/logo\/image\/"}}]}},"_links":{"self":[{"href":"https:\/\/mail.cyclingoriginals.com\/fr\/wp-json\/wp\/v2\/product\/4755","targetHints":{"allow":["GET"]}}],"collection":[{"href":"https:\/\/mail.cyclingoriginals.com\/fr\/wp-json\/wp\/v2\/product"}],"about":[{"href":"https:\/\/mail.cyclingoriginals.com\/fr\/wp-json\/wp\/v2\/types\/product"}],"wp:featuredmedia":[{"embeddable":true,"href":"https:\/\/mail.cyclingoriginals.com\/fr\/wp-json\/wp\/v2\/media\/178489"}],"wp:attachment":[{"href":"https:\/\/mail.cyclingoriginals.com\/fr\/wp-json\/wp\/v2\/media?parent=4755"}],"wp:term":[{"taxonomy":"product_brand","embeddable":true,"href":"https:\/\/mail.cyclingoriginals.com\/fr\/wp-json\/wp\/v2\/product_brand?post=4755"},{"taxonomy":"product_cat","embeddable":true,"href":"https:\/\/mail.cyclingoriginals.com\/fr\/wp-json\/wp\/v2\/product_cat?post=4755"},{"taxonomy":"product_tag","embeddable":true,"href":"https:\/\/mail.cyclingoriginals.com\/fr\/wp-json\/wp\/v2\/product_tag?post=4755"}],"curies":[{"name":"wp","href":"https:\/\/api.w.org\/{rel}","templated":true}]}}