{"id":32850,"date":"2025-07-16T22:35:51","date_gmt":"2025-07-16T20:35:51","guid":{"rendered":"https:\/\/mail.cyclingoriginals.com\/?post_type=product&#038;p=32850"},"modified":"2026-01-28T12:00:22","modified_gmt":"2026-01-28T11:00:22","slug":"out-spokin-maillot-cycliste-giordana-dia-compe-1989","status":"publish","type":"product","link":"https:\/\/mail.cyclingoriginals.com\/fr\/retro-wielershirt\/out-spokin-giordana-dia-compe-1989-wielershirt\/","title":{"rendered":"Maillot cyclisme OUT SPOKIN-GIORDANA-DIA COMPE 1989"},"content":{"rendered":"<p>SORTIE SPOKIN-GIORDANA-DIA COMPE 1989<\/p>\n<p>Petite \u00e9quipe am\u00e9ricaine de 3 coureurs.<\/p>\n<p>Paul Swadling (\u00c9tats-Unis), Tom Sawyer (Australie) et Tommy Post des Pays-Bas.<\/p>\n<p>Elle n\u2019a remport\u00e9 aucune victoire.<\/p>\n<p>Il est \u00e0 noter que Swadling a particip\u00e9 \u00e0 Out Spokin&#039; jusqu&#039;au 31 mai, Tom Sawyer du 1er avril au 30 septembre et Tommy Post du 1er mai au 30 juin.<\/p>","protected":false},"excerpt":{"rendered":"<p>OUT SPOKIN-GIORDANA-DIA COMPE 1989. Une petite \u00e9quipe am\u00e9ricaine compos\u00e9e de trois coureurs\u00a0: Paul Swadling (\u00c9tats-Unis), Tom Sawyer (Australie) et Tommy Post (Pays-Bas). Ils n&#039;ont remport\u00e9 aucune course. Il est \u00e0 noter que Swadling a couru pour Out Spokin jusqu&#039;au 31\u00a0mai, Tom Sawyer du 1er\u00a0avril au 30\u00a0septembre et Tommy Post du 1er\u00a0mai au 30\u00a0juin.<\/p>","protected":false},"featured_media":32860,"template":"","meta":[],"product_brand":[],"product_cat":[151],"product_tag":[],"class_list":{"0":"post-32850","1":"product","2":"type-product","3":"status-publish","4":"has-post-thumbnail","6":"product_cat-pro-team","8":"first","9":"onbackorder","10":"taxable","11":"shipping-taxable","12":"purchasable","13":"product-type-variable"},"yoast_head":"<!-- This site is optimized with the Yoast SEO plugin v27.4 - https:\/\/yoast.com\/product\/yoast-seo-wordpress\/ -->\n<title>OUT SPOKIN-GIORDANA-DIA COMPE 1989  wielershirt - Ton Merckx Wielershirts - Rondreis door de wereld van wielershirts<\/title>\n<meta name=\"robots\" content=\"index, follow, max-snippet:-1, max-image-preview:large, max-video-preview:-1\" \/>\n<link rel=\"canonical\" href=\"https:\/\/mail.cyclingoriginals.com\/fr\/maillot-de-cyclisme-retro\/out-spokin-maillot-cycliste-giordana-dia-compe-1989\/\" \/>\n<meta property=\"og:locale\" content=\"fr_FR\" \/>\n<meta property=\"og:type\" content=\"article\" \/>\n<meta property=\"og:title\" content=\"OUT SPOKIN-GIORDANA-DIA COMPE 1989  wielershirt - Ton Merckx Wielershirts - Rondreis door de wereld van wielershirts\" \/>\n<meta property=\"og:description\" content=\"OUT SPOKIN-GIORDANA-DIA COMPE 1989 Kleine Amerikaanse ploeg met 3 Renners. Paul Swadling (usa), Tom Sawyer (Australie) &amp; Tommy Post uit Nederland. Ze behaalde geen overwinningen. Opmerkelijk is dat Swadling tot 31 Mei bij Out Spokin reed, Tom Sawyer van 1 April tot 30 September en Tommy Post van 1 Mei tot 30 Juni.\" \/>\n<meta property=\"og:url\" content=\"https:\/\/mail.cyclingoriginals.com\/fr\/maillot-de-cyclisme-retro\/out-spokin-maillot-cycliste-giordana-dia-compe-1989\/\" \/>\n<meta property=\"og:site_name\" content=\"Ton Merckx Wielershirts - Rondreis door de wereld van wielershirts\" \/>\n<meta property=\"article:modified_time\" content=\"2026-01-28T11:00:22+00:00\" \/>\n<meta property=\"og:image\" content=\"https:\/\/mail.cyclingoriginals.com\/wp-content\/uploads\/2025\/07\/IMG_3781-scaled.jpg\" \/>\n\t<meta property=\"og:image:width\" content=\"1920\" \/>\n\t<meta property=\"og:image:height\" content=\"2560\" \/>\n\t<meta property=\"og:image:type\" content=\"image\/jpeg\" \/>\n<meta name=\"twitter:card\" content=\"summary_large_image\" \/>\n<meta name=\"twitter:label1\" content=\"Dur\u00e9e de lecture estim\u00e9e\" \/>\n\t<meta name=\"twitter:data1\" content=\"1 minute\" \/>\n<script type=\"application\/ld+json\" class=\"yoast-schema-graph\">{\"@context\":\"https:\\\/\\\/schema.org\",\"@graph\":[{\"@type\":\"WebPage\",\"@id\":\"https:\\\/\\\/mail.cyclingoriginals.com\\\/en\\\/retro-wielershirt\\\/out-spokin-giordana-dia-compe-1989-wielershirt\\\/\",\"url\":\"https:\\\/\\\/mail.cyclingoriginals.com\\\/en\\\/retro-wielershirt\\\/out-spokin-giordana-dia-compe-1989-wielershirt\\\/\",\"name\":\"OUT SPOKIN-GIORDANA-DIA COMPE 1989 wielershirt - Ton Merckx Wielershirts - Rondreis door de wereld van wielershirts\",\"isPartOf\":{\"@id\":\"https:\\\/\\\/tonmerckxwielershirts.nl\\\/es\\\/#website\"},\"primaryImageOfPage\":{\"@id\":\"https:\\\/\\\/mail.cyclingoriginals.com\\\/en\\\/retro-wielershirt\\\/out-spokin-giordana-dia-compe-1989-wielershirt\\\/#primaryimage\"},\"image\":{\"@id\":\"https:\\\/\\\/mail.cyclingoriginals.com\\\/en\\\/retro-wielershirt\\\/out-spokin-giordana-dia-compe-1989-wielershirt\\\/#primaryimage\"},\"thumbnailUrl\":\"https:\\\/\\\/mail.cyclingoriginals.com\\\/wp-content\\\/uploads\\\/2025\\\/07\\\/IMG_3781-scaled.jpg\",\"datePublished\":\"2025-07-16T20:35:51+00:00\",\"dateModified\":\"2026-01-28T11:00:22+00:00\",\"breadcrumb\":{\"@id\":\"https:\\\/\\\/mail.cyclingoriginals.com\\\/en\\\/retro-wielershirt\\\/out-spokin-giordana-dia-compe-1989-wielershirt\\\/#breadcrumb\"},\"inLanguage\":\"fr-FR\",\"potentialAction\":[{\"@type\":\"ReadAction\",\"target\":[\"https:\\\/\\\/mail.cyclingoriginals.com\\\/en\\\/retro-wielershirt\\\/out-spokin-giordana-dia-compe-1989-wielershirt\\\/\"]}]},{\"@type\":\"ImageObject\",\"inLanguage\":\"fr-FR\",\"@id\":\"https:\\\/\\\/mail.cyclingoriginals.com\\\/en\\\/retro-wielershirt\\\/out-spokin-giordana-dia-compe-1989-wielershirt\\\/#primaryimage\",\"url\":\"https:\\\/\\\/mail.cyclingoriginals.com\\\/wp-content\\\/uploads\\\/2025\\\/07\\\/IMG_3781-scaled.jpg\",\"contentUrl\":\"https:\\\/\\\/mail.cyclingoriginals.com\\\/wp-content\\\/uploads\\\/2025\\\/07\\\/IMG_3781-scaled.jpg\",\"width\":1920,\"height\":2560,\"caption\":\"OUT SPOKIN-GIORDANA-DIA COMPE 1989\"},{\"@type\":\"BreadcrumbList\",\"@id\":\"https:\\\/\\\/mail.cyclingoriginals.com\\\/en\\\/retro-wielershirt\\\/out-spokin-giordana-dia-compe-1989-wielershirt\\\/#breadcrumb\",\"itemListElement\":[{\"@type\":\"ListItem\",\"position\":1,\"name\":\"Home\",\"item\":\"https:\\\/\\\/tonmerckxwielershirts.nl\\\/es\\\/\"},{\"@type\":\"ListItem\",\"position\":2,\"name\":\"Retro wielershirts\",\"item\":\"https:\\\/\\\/tonmerckxwielershirts.nl\\\/es\\\/camisetas-de-ciclismo-retro\\\/\"},{\"@type\":\"ListItem\",\"position\":3,\"name\":\"OUT SPOKIN-GIORDANA-DIA COMPE 1989 wielershirt\"}]},{\"@type\":\"WebSite\",\"@id\":\"https:\\\/\\\/tonmerckxwielershirts.nl\\\/es\\\/#website\",\"url\":\"https:\\\/\\\/tonmerckxwielershirts.nl\\\/es\\\/\",\"name\":\"Ton Merckx Wielershirts - Rondreis door de wereld van wielershirts\",\"description\":\"thousands of original cycling jerseys - order your replica!\",\"publisher\":{\"@id\":\"https:\\\/\\\/tonmerckxwielershirts.nl\\\/es\\\/#organization\"},\"potentialAction\":[{\"@type\":\"SearchAction\",\"target\":{\"@type\":\"EntryPoint\",\"urlTemplate\":\"https:\\\/\\\/tonmerckxwielershirts.nl\\\/es\\\/?s={search_term_string}\"},\"query-input\":{\"@type\":\"PropertyValueSpecification\",\"valueRequired\":true,\"valueName\":\"search_term_string\"}}],\"inLanguage\":\"fr-FR\"},{\"@type\":\"Organization\",\"@id\":\"https:\\\/\\\/tonmerckxwielershirts.nl\\\/es\\\/#organization\",\"name\":\"Ton Merckx Wielershirts - Rondreis door de wereld van wielershirts\",\"url\":\"https:\\\/\\\/tonmerckxwielershirts.nl\\\/es\\\/\",\"logo\":{\"@type\":\"ImageObject\",\"inLanguage\":\"fr-FR\",\"@id\":\"https:\\\/\\\/tonmerckxwielershirts.nl\\\/es\\\/#\\\/schema\\\/logo\\\/image\\\/\",\"url\":\"https:\\\/\\\/mail.cyclingoriginals.com\\\/wp-content\\\/uploads\\\/2023\\\/03\\\/ton-merckx-logo.jpg\",\"contentUrl\":\"https:\\\/\\\/mail.cyclingoriginals.com\\\/wp-content\\\/uploads\\\/2023\\\/03\\\/ton-merckx-logo.jpg\",\"width\":391,\"height\":57,\"caption\":\"Ton Merckx Wielershirts - Rondreis door de wereld van wielershirts\"},\"image\":{\"@id\":\"https:\\\/\\\/tonmerckxwielershirts.nl\\\/es\\\/#\\\/schema\\\/logo\\\/image\\\/\"}}]}<\/script>\n<!-- \/ Yoast SEO plugin. -->","yoast_head_json":{"title":"Maillot cycliste OUT SPOKIN-GIORDANA-DIA COMPE 1989 - Maillots cyclistes Ton Merckx - Tour du monde des maillots cyclistes","robots":{"index":"index","follow":"follow","max-snippet":"max-snippet:-1","max-image-preview":"max-image-preview:large","max-video-preview":"max-video-preview:-1"},"canonical":"https:\/\/mail.cyclingoriginals.com\/fr\/maillot-de-cyclisme-retro\/out-spokin-maillot-cycliste-giordana-dia-compe-1989\/","og_locale":"fr_FR","og_type":"article","og_title":"OUT SPOKIN-GIORDANA-DIA COMPE 1989  wielershirt - Ton Merckx Wielershirts - Rondreis door de wereld van wielershirts","og_description":"OUT SPOKIN-GIORDANA-DIA COMPE 1989 Kleine Amerikaanse ploeg met 3 Renners. Paul Swadling (usa), Tom Sawyer (Australie) &amp; Tommy Post uit Nederland. Ze behaalde geen overwinningen. Opmerkelijk is dat Swadling tot 31 Mei bij Out Spokin reed, Tom Sawyer van 1 April tot 30 September en Tommy Post van 1 Mei tot 30 Juni.","og_url":"https:\/\/mail.cyclingoriginals.com\/fr\/maillot-de-cyclisme-retro\/out-spokin-maillot-cycliste-giordana-dia-compe-1989\/","og_site_name":"Ton Merckx Wielershirts - Rondreis door de wereld van wielershirts","article_modified_time":"2026-01-28T11:00:22+00:00","og_image":[{"width":1920,"height":2560,"url":"https:\/\/mail.cyclingoriginals.com\/wp-content\/uploads\/2025\/07\/IMG_3781-scaled.jpg","type":"image\/jpeg"}],"twitter_card":"summary_large_image","twitter_misc":{"Dur\u00e9e de lecture estim\u00e9e":"1 minute"},"schema":{"@context":"https:\/\/schema.org","@graph":[{"@type":"WebPage","@id":"https:\/\/mail.cyclingoriginals.com\/en\/retro-wielershirt\/out-spokin-giordana-dia-compe-1989-wielershirt\/","url":"https:\/\/mail.cyclingoriginals.com\/en\/retro-wielershirt\/out-spokin-giordana-dia-compe-1989-wielershirt\/","name":"Maillot cycliste OUT SPOKIN-GIORDANA-DIA COMPE 1989 - Maillots cyclistes Ton Merckx - Tour du monde des maillots cyclistes","isPartOf":{"@id":"https:\/\/tonmerckxwielershirts.nl\/es\/#website"},"primaryImageOfPage":{"@id":"https:\/\/mail.cyclingoriginals.com\/en\/retro-wielershirt\/out-spokin-giordana-dia-compe-1989-wielershirt\/#primaryimage"},"image":{"@id":"https:\/\/mail.cyclingoriginals.com\/en\/retro-wielershirt\/out-spokin-giordana-dia-compe-1989-wielershirt\/#primaryimage"},"thumbnailUrl":"https:\/\/mail.cyclingoriginals.com\/wp-content\/uploads\/2025\/07\/IMG_3781-scaled.jpg","datePublished":"2025-07-16T20:35:51+00:00","dateModified":"2026-01-28T11:00:22+00:00","breadcrumb":{"@id":"https:\/\/mail.cyclingoriginals.com\/en\/retro-wielershirt\/out-spokin-giordana-dia-compe-1989-wielershirt\/#breadcrumb"},"inLanguage":"fr-FR","potentialAction":[{"@type":"ReadAction","target":["https:\/\/mail.cyclingoriginals.com\/en\/retro-wielershirt\/out-spokin-giordana-dia-compe-1989-wielershirt\/"]}]},{"@type":"ImageObject","inLanguage":"fr-FR","@id":"https:\/\/mail.cyclingoriginals.com\/en\/retro-wielershirt\/out-spokin-giordana-dia-compe-1989-wielershirt\/#primaryimage","url":"https:\/\/mail.cyclingoriginals.com\/wp-content\/uploads\/2025\/07\/IMG_3781-scaled.jpg","contentUrl":"https:\/\/mail.cyclingoriginals.com\/wp-content\/uploads\/2025\/07\/IMG_3781-scaled.jpg","width":1920,"height":2560,"caption":"OUT SPOKIN-GIORDANA-DIA COMPE 1989"},{"@type":"BreadcrumbList","@id":"https:\/\/mail.cyclingoriginals.com\/en\/retro-wielershirt\/out-spokin-giordana-dia-compe-1989-wielershirt\/#breadcrumb","itemListElement":[{"@type":"ListItem","position":1,"name":"Home","item":"https:\/\/tonmerckxwielershirts.nl\/es\/"},{"@type":"ListItem","position":2,"name":"Retro wielershirts","item":"https:\/\/tonmerckxwielershirts.nl\/es\/camisetas-de-ciclismo-retro\/"},{"@type":"ListItem","position":3,"name":"OUT SPOKIN-GIORDANA-DIA COMPE 1989 wielershirt"}]},{"@type":"WebSite","@id":"https:\/\/tonmerckxwielershirts.nl\/es\/#website","url":"https:\/\/tonmerckxwielershirts.nl\/es\/","name":"Chemises de cyclisme Ton Merckx - Tour \u00e0 travers le monde des chemises de cyclisme","description":"des milliers de maillots de cyclisme originaux - commandez votre r\u00e9plique !","publisher":{"@id":"https:\/\/tonmerckxwielershirts.nl\/es\/#organization"},"potentialAction":[{"@type":"SearchAction","target":{"@type":"EntryPoint","urlTemplate":"https:\/\/tonmerckxwielershirts.nl\/es\/?s={search_term_string}"},"query-input":{"@type":"PropertyValueSpecification","valueRequired":true,"valueName":"search_term_string"}}],"inLanguage":"fr-FR"},{"@type":"Organization","@id":"https:\/\/tonmerckxwielershirts.nl\/es\/#organization","name":"Chemises de cyclisme Ton Merckx - Tour \u00e0 travers le monde des chemises de cyclisme","url":"https:\/\/tonmerckxwielershirts.nl\/es\/","logo":{"@type":"ImageObject","inLanguage":"fr-FR","@id":"https:\/\/tonmerckxwielershirts.nl\/es\/#\/schema\/logo\/image\/","url":"https:\/\/mail.cyclingoriginals.com\/wp-content\/uploads\/2023\/03\/ton-merckx-logo.jpg","contentUrl":"https:\/\/mail.cyclingoriginals.com\/wp-content\/uploads\/2023\/03\/ton-merckx-logo.jpg","width":391,"height":57,"caption":"Ton Merckx Wielershirts - Rondreis door de wereld van wielershirts"},"image":{"@id":"https:\/\/tonmerckxwielershirts.nl\/es\/#\/schema\/logo\/image\/"}}]}},"_links":{"self":[{"href":"https:\/\/mail.cyclingoriginals.com\/fr\/wp-json\/wp\/v2\/product\/32850","targetHints":{"allow":["GET"]}}],"collection":[{"href":"https:\/\/mail.cyclingoriginals.com\/fr\/wp-json\/wp\/v2\/product"}],"about":[{"href":"https:\/\/mail.cyclingoriginals.com\/fr\/wp-json\/wp\/v2\/types\/product"}],"wp:featuredmedia":[{"embeddable":true,"href":"https:\/\/mail.cyclingoriginals.com\/fr\/wp-json\/wp\/v2\/media\/32860"}],"wp:attachment":[{"href":"https:\/\/mail.cyclingoriginals.com\/fr\/wp-json\/wp\/v2\/media?parent=32850"}],"wp:term":[{"taxonomy":"product_brand","embeddable":true,"href":"https:\/\/mail.cyclingoriginals.com\/fr\/wp-json\/wp\/v2\/product_brand?post=32850"},{"taxonomy":"product_cat","embeddable":true,"href":"https:\/\/mail.cyclingoriginals.com\/fr\/wp-json\/wp\/v2\/product_cat?post=32850"},{"taxonomy":"product_tag","embeddable":true,"href":"https:\/\/mail.cyclingoriginals.com\/fr\/wp-json\/wp\/v2\/product_tag?post=32850"}],"curies":[{"name":"wp","href":"https:\/\/api.w.org\/{rel}","templated":true}]}}