{"id":4327,"date":"2023-01-24T18:12:55","date_gmt":"2023-01-24T18:12:55","guid":{"rendered":"https:\/\/ton.connectingminds.net\/product\/tvm-polis-direct-ie-shirt\/"},"modified":"2026-01-28T12:01:44","modified_gmt":"2026-01-28T11:01:44","slug":"tvm-policy-direct-ie-shirt","status":"publish","type":"product","link":"https:\/\/mail.cyclingoriginals.com\/de\/retro-wielershirt\/tvm-polis-direct-ie-shirt\/","title":{"rendered":"TVM (o)-POLIS DIRECT-GAZELLE 1995 1. HEMD RADFAHREN HEMD"},"content":{"rendered":"<p>Am Freitag vor der niederl\u00e4ndischen Radmeisterschaft fand TVM einen neuen Co-Sponsor: POLIS DIRECT.<\/p>\n<p>Die Vertr\u00e4ge wurden am Samstagabend unterzeichnet, so dass der neue Sponsor bereits bei der niederl\u00e4ndischen Meisterschaft der Profis mitfahren konnte. Mit etwas Ausschneiden und Kleben entstand das erste Trikot, in dem man bei den nationalen Meisterschaften fahren konnte. Wenn Sie sich das Foto des Shirts genau ansehen, werden Sie erkennen, dass der Name TVM ausgeschnitten und aufgen\u00e4ht wurde.<\/p>\n<p>Von der Amateurmannschaft EUROPOLIS wurden 5 Fahrer in die Profimannschaft versetzt, sie fuhren am Samstag die Amateur-Nationalmeisterschaften und am Sonntag die Profi-Nationalmeisterschaften.<\/p>\n<p>Diese 5 Fahrer (Raymond Thebes, Anthony Theus, Marcel Luppes, John den Braber und Pascal Appeldoorn) erhielten einen Profivertrag bis zum Ende der Saison.  John den Braber gab seinen Vertrag nach einer Woche ab, da es seiner Meinung nach kein realistischer Vertrag war, zu kurz und keine Aussicht auf Verl\u00e4ngerung. R\u00fcckblickend hatte er damit Recht, denn nur Raymond Thebes fuhr 1996 auch f\u00fcr TVM.<\/p>\n<p>Zum 1. November brach TVM aufgrund finanzieller und rechtlicher Probleme bei diesem Unternehmen erneut alle Verbindungen zu POLIS DIRECT ab.<\/p>","protected":false},"excerpt":{"rendered":"<p>Op de vrijdag voor het Nederlands Kampioenschap wielrenner vond TVM een nieuwe co-sponsor : POLIS DIRECT. Op zaterdagavond werden de contracten getekend zodat er op het Nederlands Kampioenschap bij de profs al met de nieuwe sponsor gereden kon worden.\u00a0 Met wat knip en plakwerk was er een 1e shirt om op het NK mee te [&hellip;]<\/p>\n","protected":false},"featured_media":4326,"template":"","meta":[],"product_brand":[],"product_cat":[151],"product_tag":[],"class_list":{"0":"post-4327","1":"product","2":"type-product","3":"status-publish","4":"has-post-thumbnail","6":"product_cat-pro-team","8":"first","9":"onbackorder","10":"taxable","11":"shipping-taxable","12":"purchasable","13":"product-type-variable"},"yoast_head":"<!-- This site is optimized with the Yoast SEO plugin v27.4 - https:\/\/yoast.com\/product\/yoast-seo-wordpress\/ -->\n<title>TVM (o)-POLIS DIRECT-GAZELLE  1995  1E SHIRT   WIELERSHIRT - Ton Merckx Wielershirts - Rondreis door de wereld van wielershirts<\/title>\n<meta name=\"robots\" content=\"index, follow, max-snippet:-1, max-image-preview:large, max-video-preview:-1\" \/>\n<link rel=\"canonical\" href=\"https:\/\/mail.cyclingoriginals.com\/de\/retro-radtrikot\/tvm-policy-direct-ie-shirt\/\" \/>\n<meta property=\"og:locale\" content=\"de_DE\" \/>\n<meta property=\"og:type\" content=\"article\" \/>\n<meta property=\"og:title\" content=\"TVM (o)-POLIS DIRECT-GAZELLE  1995  1E SHIRT   WIELERSHIRT - Ton Merckx Wielershirts - Rondreis door de wereld van wielershirts\" \/>\n<meta property=\"og:description\" content=\"Op de vrijdag voor het Nederlands Kampioenschap wielrenner vond TVM een nieuwe co-sponsor : POLIS DIRECT. Op zaterdagavond werden de contracten getekend zodat er op het Nederlands Kampioenschap bij de profs al met de nieuwe sponsor gereden kon worden.\u00a0 Met wat knip en plakwerk was er een 1e shirt om op het NK mee te [&hellip;]\" \/>\n<meta property=\"og:url\" content=\"https:\/\/mail.cyclingoriginals.com\/de\/retro-radtrikot\/tvm-policy-direct-ie-shirt\/\" \/>\n<meta property=\"og:site_name\" content=\"Ton Merckx Wielershirts - Rondreis door de wereld van wielershirts\" \/>\n<meta property=\"article:modified_time\" content=\"2026-01-28T11:01:44+00:00\" \/>\n<meta property=\"og:image\" content=\"https:\/\/mail.cyclingoriginals.com\/wp-content\/uploads\/2023\/01\/SSA42774.jpg\" \/>\n\t<meta property=\"og:image:width\" content=\"1704\" \/>\n\t<meta property=\"og:image:height\" content=\"2272\" \/>\n\t<meta property=\"og:image:type\" content=\"image\/jpeg\" \/>\n<meta name=\"twitter:card\" content=\"summary_large_image\" \/>\n<meta name=\"twitter:label1\" content=\"Gesch\u00e4tzte Lesezeit\" \/>\n\t<meta name=\"twitter:data1\" content=\"2\u00a0Minuten\" \/>\n<script type=\"application\/ld+json\" class=\"yoast-schema-graph\">{\"@context\":\"https:\\\/\\\/schema.org\",\"@graph\":[{\"@type\":\"WebPage\",\"@id\":\"https:\\\/\\\/mail.cyclingoriginals.com\\\/ja\\\/%e3%83%ac%e3%83%88%e3%83%ad%e3%81%aa%e3%82%b5%e3%82%a4%e3%82%af%e3%83%aa%e3%83%b3%e3%82%b0%e3%82%b8%e3%83%a3%e3%83%bc%e3%82%b8\\\/tvm%e3%83%9d%e3%83%aa%e3%82%b7%e3%83%bc%e3%83%80%e3%82%a4%e3%83%ac%e3%82%af%e3%83%88ie%e3%82%b7%e3%83%a3%e3%83%84\\\/\",\"url\":\"https:\\\/\\\/mail.cyclingoriginals.com\\\/ja\\\/%e3%83%ac%e3%83%88%e3%83%ad%e3%81%aa%e3%82%b5%e3%82%a4%e3%82%af%e3%83%aa%e3%83%b3%e3%82%b0%e3%82%b8%e3%83%a3%e3%83%bc%e3%82%b8\\\/tvm%e3%83%9d%e3%83%aa%e3%82%b7%e3%83%bc%e3%83%80%e3%82%a4%e3%83%ac%e3%82%af%e3%83%88ie%e3%82%b7%e3%83%a3%e3%83%84\\\/\",\"name\":\"TVM (o)-POLIS DIRECT-GAZELLE 1995 1E SHIRT WIELERSHIRT - Ton Merckx Wielershirts - Rondreis door de wereld van wielershirts\",\"isPartOf\":{\"@id\":\"https:\\\/\\\/tonmerckxwielershirts.nl\\\/de\\\/#website\"},\"primaryImageOfPage\":{\"@id\":\"https:\\\/\\\/mail.cyclingoriginals.com\\\/ja\\\/%e3%83%ac%e3%83%88%e3%83%ad%e3%81%aa%e3%82%b5%e3%82%a4%e3%82%af%e3%83%aa%e3%83%b3%e3%82%b0%e3%82%b8%e3%83%a3%e3%83%bc%e3%82%b8\\\/tvm%e3%83%9d%e3%83%aa%e3%82%b7%e3%83%bc%e3%83%80%e3%82%a4%e3%83%ac%e3%82%af%e3%83%88ie%e3%82%b7%e3%83%a3%e3%83%84\\\/#primaryimage\"},\"image\":{\"@id\":\"https:\\\/\\\/mail.cyclingoriginals.com\\\/ja\\\/%e3%83%ac%e3%83%88%e3%83%ad%e3%81%aa%e3%82%b5%e3%82%a4%e3%82%af%e3%83%aa%e3%83%b3%e3%82%b0%e3%82%b8%e3%83%a3%e3%83%bc%e3%82%b8\\\/tvm%e3%83%9d%e3%83%aa%e3%82%b7%e3%83%bc%e3%83%80%e3%82%a4%e3%83%ac%e3%82%af%e3%83%88ie%e3%82%b7%e3%83%a3%e3%83%84\\\/#primaryimage\"},\"thumbnailUrl\":\"https:\\\/\\\/mail.cyclingoriginals.com\\\/wp-content\\\/uploads\\\/2023\\\/01\\\/SSA42774.jpg\",\"datePublished\":\"2023-01-24T18:12:55+00:00\",\"dateModified\":\"2026-01-28T11:01:44+00:00\",\"breadcrumb\":{\"@id\":\"https:\\\/\\\/mail.cyclingoriginals.com\\\/ja\\\/%e3%83%ac%e3%83%88%e3%83%ad%e3%81%aa%e3%82%b5%e3%82%a4%e3%82%af%e3%83%aa%e3%83%b3%e3%82%b0%e3%82%b8%e3%83%a3%e3%83%bc%e3%82%b8\\\/tvm%e3%83%9d%e3%83%aa%e3%82%b7%e3%83%bc%e3%83%80%e3%82%a4%e3%83%ac%e3%82%af%e3%83%88ie%e3%82%b7%e3%83%a3%e3%83%84\\\/#breadcrumb\"},\"inLanguage\":\"de\",\"potentialAction\":[{\"@type\":\"ReadAction\",\"target\":[\"https:\\\/\\\/mail.cyclingoriginals.com\\\/ja\\\/%e3%83%ac%e3%83%88%e3%83%ad%e3%81%aa%e3%82%b5%e3%82%a4%e3%82%af%e3%83%aa%e3%83%b3%e3%82%b0%e3%82%b8%e3%83%a3%e3%83%bc%e3%82%b8\\\/tvm%e3%83%9d%e3%83%aa%e3%82%b7%e3%83%bc%e3%83%80%e3%82%a4%e3%83%ac%e3%82%af%e3%83%88ie%e3%82%b7%e3%83%a3%e3%83%84\\\/\"]}]},{\"@type\":\"ImageObject\",\"inLanguage\":\"de\",\"@id\":\"https:\\\/\\\/mail.cyclingoriginals.com\\\/ja\\\/%e3%83%ac%e3%83%88%e3%83%ad%e3%81%aa%e3%82%b5%e3%82%a4%e3%82%af%e3%83%aa%e3%83%b3%e3%82%b0%e3%82%b8%e3%83%a3%e3%83%bc%e3%82%b8\\\/tvm%e3%83%9d%e3%83%aa%e3%82%b7%e3%83%bc%e3%83%80%e3%82%a4%e3%83%ac%e3%82%af%e3%83%88ie%e3%82%b7%e3%83%a3%e3%83%84\\\/#primaryimage\",\"url\":\"https:\\\/\\\/mail.cyclingoriginals.com\\\/wp-content\\\/uploads\\\/2023\\\/01\\\/SSA42774.jpg\",\"contentUrl\":\"https:\\\/\\\/mail.cyclingoriginals.com\\\/wp-content\\\/uploads\\\/2023\\\/01\\\/SSA42774.jpg\",\"width\":1704,\"height\":2272},{\"@type\":\"BreadcrumbList\",\"@id\":\"https:\\\/\\\/mail.cyclingoriginals.com\\\/ja\\\/%e3%83%ac%e3%83%88%e3%83%ad%e3%81%aa%e3%82%b5%e3%82%a4%e3%82%af%e3%83%aa%e3%83%b3%e3%82%b0%e3%82%b8%e3%83%a3%e3%83%bc%e3%82%b8\\\/tvm%e3%83%9d%e3%83%aa%e3%82%b7%e3%83%bc%e3%83%80%e3%82%a4%e3%83%ac%e3%82%af%e3%83%88ie%e3%82%b7%e3%83%a3%e3%83%84\\\/#breadcrumb\",\"itemListElement\":[{\"@type\":\"ListItem\",\"position\":1,\"name\":\"Home\",\"item\":\"https:\\\/\\\/tonmerckxwielershirts.nl\\\/de\\\/\"},{\"@type\":\"ListItem\",\"position\":2,\"name\":\"Retro wielershirts\",\"item\":\"https:\\\/\\\/tonmerckxwielershirts.nl\\\/de\\\/retro-radtrikots\\\/\"},{\"@type\":\"ListItem\",\"position\":3,\"name\":\"TVM (o)-POLIS DIRECT-GAZELLE 1995 1E SHIRT WIELERSHIRT\"}]},{\"@type\":\"WebSite\",\"@id\":\"https:\\\/\\\/tonmerckxwielershirts.nl\\\/de\\\/#website\",\"url\":\"https:\\\/\\\/tonmerckxwielershirts.nl\\\/de\\\/\",\"name\":\"Ton Merckx Wielershirts - Rondreis door de wereld van wielershirts\",\"description\":\"thousands of original cycling jerseys - order your replica!\",\"publisher\":{\"@id\":\"https:\\\/\\\/tonmerckxwielershirts.nl\\\/de\\\/#organization\"},\"potentialAction\":[{\"@type\":\"SearchAction\",\"target\":{\"@type\":\"EntryPoint\",\"urlTemplate\":\"https:\\\/\\\/tonmerckxwielershirts.nl\\\/de\\\/?s={search_term_string}\"},\"query-input\":{\"@type\":\"PropertyValueSpecification\",\"valueRequired\":true,\"valueName\":\"search_term_string\"}}],\"inLanguage\":\"de\"},{\"@type\":\"Organization\",\"@id\":\"https:\\\/\\\/tonmerckxwielershirts.nl\\\/de\\\/#organization\",\"name\":\"Ton Merckx Wielershirts - Rondreis door de wereld van wielershirts\",\"url\":\"https:\\\/\\\/tonmerckxwielershirts.nl\\\/de\\\/\",\"logo\":{\"@type\":\"ImageObject\",\"inLanguage\":\"de\",\"@id\":\"https:\\\/\\\/tonmerckxwielershirts.nl\\\/de\\\/#\\\/schema\\\/logo\\\/image\\\/\",\"url\":\"https:\\\/\\\/mail.cyclingoriginals.com\\\/wp-content\\\/uploads\\\/2023\\\/03\\\/ton-merckx-logo.jpg\",\"contentUrl\":\"https:\\\/\\\/mail.cyclingoriginals.com\\\/wp-content\\\/uploads\\\/2023\\\/03\\\/ton-merckx-logo.jpg\",\"width\":391,\"height\":57,\"caption\":\"Ton Merckx Wielershirts - Rondreis door de wereld van wielershirts\"},\"image\":{\"@id\":\"https:\\\/\\\/tonmerckxwielershirts.nl\\\/de\\\/#\\\/schema\\\/logo\\\/image\\\/\"}}]}<\/script>\n<!-- \/ Yoast SEO plugin. -->","yoast_head_json":{"title":"TVM (o)-POLIS DIRECT-GAZELLE 1995 1. HEMD RADFAHREN-HEMD - Ton Merckx Radtrikots - Tour durch die Welt der Radtrikots","robots":{"index":"index","follow":"follow","max-snippet":"max-snippet:-1","max-image-preview":"max-image-preview:large","max-video-preview":"max-video-preview:-1"},"canonical":"https:\/\/mail.cyclingoriginals.com\/de\/retro-radtrikot\/tvm-policy-direct-ie-shirt\/","og_locale":"de_DE","og_type":"article","og_title":"TVM (o)-POLIS DIRECT-GAZELLE  1995  1E SHIRT   WIELERSHIRT - Ton Merckx Wielershirts - Rondreis door de wereld van wielershirts","og_description":"Op de vrijdag voor het Nederlands Kampioenschap wielrenner vond TVM een nieuwe co-sponsor : POLIS DIRECT. Op zaterdagavond werden de contracten getekend zodat er op het Nederlands Kampioenschap bij de profs al met de nieuwe sponsor gereden kon worden.\u00a0 Met wat knip en plakwerk was er een 1e shirt om op het NK mee te [&hellip;]","og_url":"https:\/\/mail.cyclingoriginals.com\/de\/retro-radtrikot\/tvm-policy-direct-ie-shirt\/","og_site_name":"Ton Merckx Wielershirts - Rondreis door de wereld van wielershirts","article_modified_time":"2026-01-28T11:01:44+00:00","og_image":[{"width":1704,"height":2272,"url":"https:\/\/mail.cyclingoriginals.com\/wp-content\/uploads\/2023\/01\/SSA42774.jpg","type":"image\/jpeg"}],"twitter_card":"summary_large_image","twitter_misc":{"Gesch\u00e4tzte Lesezeit":"2\u00a0Minuten"},"schema":{"@context":"https:\/\/schema.org","@graph":[{"@type":"WebPage","@id":"https:\/\/mail.cyclingoriginals.com\/ja\/%e3%83%ac%e3%83%88%e3%83%ad%e3%81%aa%e3%82%b5%e3%82%a4%e3%82%af%e3%83%aa%e3%83%b3%e3%82%b0%e3%82%b8%e3%83%a3%e3%83%bc%e3%82%b8\/tvm%e3%83%9d%e3%83%aa%e3%82%b7%e3%83%bc%e3%83%80%e3%82%a4%e3%83%ac%e3%82%af%e3%83%88ie%e3%82%b7%e3%83%a3%e3%83%84\/","url":"https:\/\/mail.cyclingoriginals.com\/ja\/%e3%83%ac%e3%83%88%e3%83%ad%e3%81%aa%e3%82%b5%e3%82%a4%e3%82%af%e3%83%aa%e3%83%b3%e3%82%b0%e3%82%b8%e3%83%a3%e3%83%bc%e3%82%b8\/tvm%e3%83%9d%e3%83%aa%e3%82%b7%e3%83%bc%e3%83%80%e3%82%a4%e3%83%ac%e3%82%af%e3%83%88ie%e3%82%b7%e3%83%a3%e3%83%84\/","name":"TVM (o)-POLIS DIRECT-GAZELLE 1995 1ST SHIRT RADFAHREN-HEMD - Ton Merckx Radtrikots - Tour durch die Welt der Radtrikots","isPartOf":{"@id":"https:\/\/tonmerckxwielershirts.nl\/de\/#website"},"primaryImageOfPage":{"@id":"https:\/\/mail.cyclingoriginals.com\/ja\/%e3%83%ac%e3%83%88%e3%83%ad%e3%81%aa%e3%82%b5%e3%82%a4%e3%82%af%e3%83%aa%e3%83%b3%e3%82%b0%e3%82%b8%e3%83%a3%e3%83%bc%e3%82%b8\/tvm%e3%83%9d%e3%83%aa%e3%82%b7%e3%83%bc%e3%83%80%e3%82%a4%e3%83%ac%e3%82%af%e3%83%88ie%e3%82%b7%e3%83%a3%e3%83%84\/#primaryimage"},"image":{"@id":"https:\/\/mail.cyclingoriginals.com\/ja\/%e3%83%ac%e3%83%88%e3%83%ad%e3%81%aa%e3%82%b5%e3%82%a4%e3%82%af%e3%83%aa%e3%83%b3%e3%82%b0%e3%82%b8%e3%83%a3%e3%83%bc%e3%82%b8\/tvm%e3%83%9d%e3%83%aa%e3%82%b7%e3%83%bc%e3%83%80%e3%82%a4%e3%83%ac%e3%82%af%e3%83%88ie%e3%82%b7%e3%83%a3%e3%83%84\/#primaryimage"},"thumbnailUrl":"https:\/\/mail.cyclingoriginals.com\/wp-content\/uploads\/2023\/01\/SSA42774.jpg","datePublished":"2023-01-24T18:12:55+00:00","dateModified":"2026-01-28T11:01:44+00:00","breadcrumb":{"@id":"https:\/\/mail.cyclingoriginals.com\/ja\/%e3%83%ac%e3%83%88%e3%83%ad%e3%81%aa%e3%82%b5%e3%82%a4%e3%82%af%e3%83%aa%e3%83%b3%e3%82%b0%e3%82%b8%e3%83%a3%e3%83%bc%e3%82%b8\/tvm%e3%83%9d%e3%83%aa%e3%82%b7%e3%83%bc%e3%83%80%e3%82%a4%e3%83%ac%e3%82%af%e3%83%88ie%e3%82%b7%e3%83%a3%e3%83%84\/#breadcrumb"},"inLanguage":"de","potentialAction":[{"@type":"ReadAction","target":["https:\/\/mail.cyclingoriginals.com\/ja\/%e3%83%ac%e3%83%88%e3%83%ad%e3%81%aa%e3%82%b5%e3%82%a4%e3%82%af%e3%83%aa%e3%83%b3%e3%82%b0%e3%82%b8%e3%83%a3%e3%83%bc%e3%82%b8\/tvm%e3%83%9d%e3%83%aa%e3%82%b7%e3%83%bc%e3%83%80%e3%82%a4%e3%83%ac%e3%82%af%e3%83%88ie%e3%82%b7%e3%83%a3%e3%83%84\/"]}]},{"@type":"ImageObject","inLanguage":"de","@id":"https:\/\/mail.cyclingoriginals.com\/ja\/%e3%83%ac%e3%83%88%e3%83%ad%e3%81%aa%e3%82%b5%e3%82%a4%e3%82%af%e3%83%aa%e3%83%b3%e3%82%b0%e3%82%b8%e3%83%a3%e3%83%bc%e3%82%b8\/tvm%e3%83%9d%e3%83%aa%e3%82%b7%e3%83%bc%e3%83%80%e3%82%a4%e3%83%ac%e3%82%af%e3%83%88ie%e3%82%b7%e3%83%a3%e3%83%84\/#primaryimage","url":"https:\/\/mail.cyclingoriginals.com\/wp-content\/uploads\/2023\/01\/SSA42774.jpg","contentUrl":"https:\/\/mail.cyclingoriginals.com\/wp-content\/uploads\/2023\/01\/SSA42774.jpg","width":1704,"height":2272},{"@type":"BreadcrumbList","@id":"https:\/\/mail.cyclingoriginals.com\/ja\/%e3%83%ac%e3%83%88%e3%83%ad%e3%81%aa%e3%82%b5%e3%82%a4%e3%82%af%e3%83%aa%e3%83%b3%e3%82%b0%e3%82%b8%e3%83%a3%e3%83%bc%e3%82%b8\/tvm%e3%83%9d%e3%83%aa%e3%82%b7%e3%83%bc%e3%83%80%e3%82%a4%e3%83%ac%e3%82%af%e3%83%88ie%e3%82%b7%e3%83%a3%e3%83%84\/#breadcrumb","itemListElement":[{"@type":"ListItem","position":1,"name":"Home","item":"https:\/\/tonmerckxwielershirts.nl\/de\/"},{"@type":"ListItem","position":2,"name":"Retro wielershirts","item":"https:\/\/tonmerckxwielershirts.nl\/de\/retro-radtrikots\/"},{"@type":"ListItem","position":3,"name":"TVM (o)-POLIS DIRECT-GAZELLE 1995 1E SHIRT WIELERSHIRT"}]},{"@type":"WebSite","@id":"https:\/\/tonmerckxwielershirts.nl\/de\/#website","url":"https:\/\/tonmerckxwielershirts.nl\/de\/","name":"Ton Merckx Radsport-Shirts \u2013 Tour durch die Welt der Radsport-Shirts","description":"Tausende originale Radtrikots \u2013 bestellen Sie Ihr Replikat!","publisher":{"@id":"https:\/\/tonmerckxwielershirts.nl\/de\/#organization"},"potentialAction":[{"@type":"SearchAction","target":{"@type":"EntryPoint","urlTemplate":"https:\/\/tonmerckxwielershirts.nl\/de\/?s={search_term_string}"},"query-input":{"@type":"PropertyValueSpecification","valueRequired":true,"valueName":"search_term_string"}}],"inLanguage":"de"},{"@type":"Organization","@id":"https:\/\/tonmerckxwielershirts.nl\/de\/#organization","name":"Ton Merckx Radsport-Shirts \u2013 Tour durch die Welt der Radsport-Shirts","url":"https:\/\/tonmerckxwielershirts.nl\/de\/","logo":{"@type":"ImageObject","inLanguage":"de","@id":"https:\/\/tonmerckxwielershirts.nl\/de\/#\/schema\/logo\/image\/","url":"https:\/\/mail.cyclingoriginals.com\/wp-content\/uploads\/2023\/03\/ton-merckx-logo.jpg","contentUrl":"https:\/\/mail.cyclingoriginals.com\/wp-content\/uploads\/2023\/03\/ton-merckx-logo.jpg","width":391,"height":57,"caption":"Ton Merckx Wielershirts - Rondreis door de wereld van wielershirts"},"image":{"@id":"https:\/\/tonmerckxwielershirts.nl\/de\/#\/schema\/logo\/image\/"}}]}},"_links":{"self":[{"href":"https:\/\/mail.cyclingoriginals.com\/de\/wp-json\/wp\/v2\/product\/4327","targetHints":{"allow":["GET"]}}],"collection":[{"href":"https:\/\/mail.cyclingoriginals.com\/de\/wp-json\/wp\/v2\/product"}],"about":[{"href":"https:\/\/mail.cyclingoriginals.com\/de\/wp-json\/wp\/v2\/types\/product"}],"wp:featuredmedia":[{"embeddable":true,"href":"https:\/\/mail.cyclingoriginals.com\/de\/wp-json\/wp\/v2\/media\/4326"}],"wp:attachment":[{"href":"https:\/\/mail.cyclingoriginals.com\/de\/wp-json\/wp\/v2\/media?parent=4327"}],"wp:term":[{"taxonomy":"product_brand","embeddable":true,"href":"https:\/\/mail.cyclingoriginals.com\/de\/wp-json\/wp\/v2\/product_brand?post=4327"},{"taxonomy":"product_cat","embeddable":true,"href":"https:\/\/mail.cyclingoriginals.com\/de\/wp-json\/wp\/v2\/product_cat?post=4327"},{"taxonomy":"product_tag","embeddable":true,"href":"https:\/\/mail.cyclingoriginals.com\/de\/wp-json\/wp\/v2\/product_tag?post=4327"}],"curies":[{"name":"wp","href":"https:\/\/api.w.org\/{rel}","templated":true}]}}