{"id":177225,"date":"2025-12-21T09:23:57","date_gmt":"2025-12-21T08:23:57","guid":{"rendered":"https:\/\/mail.cyclingoriginals.com\/?post_type=product&#038;p=177225"},"modified":"2026-01-28T12:00:19","modified_gmt":"2026-01-28T11:00:19","slug":"radtrikot-von-varta-a-colombia-1986","status":"publish","type":"product","link":"https:\/\/mail.cyclingoriginals.com\/de\/retro-wielershirt\/varta-a-colombia-1986-wielershirt\/","title":{"rendered":"VARTA (a)-\u2026. .. KOLUMBIEN RADTRIKOT 1986"},"content":{"rendered":"<p>VARTA (a)-\u2026. .. KOLUMBIEN 1986<\/p>\n<p>Legend\u00e4res kolumbianisches Radsportteam, das bei der Tour de France zahlreiche Klettererfolge erzielte.<\/p>\n<p>Leider ist es uns nicht gestattet, den urspr\u00fcnglichen Namen des Teams auf der Website zu ver\u00f6ffentlichen.<\/p>\n<p>&nbsp;<\/p>\n<p>KEINE REPLIKATIONEN M\u00d6GLICH!!!!!!!!!!!!!<\/p>\n<p>&nbsp;<\/p>","protected":false},"excerpt":{"rendered":"<p>VARTA (a)-\u2026. .. KOLUMBIEN 1986 Legend\u00e4res kolumbianisches Radsportteam. Das Team feierte zahlreiche Erfolge im Bergrennen der Tour de France. Leider d\u00fcrfen wir den Originalnamen des Teams nicht auf der Website ver\u00f6ffentlichen. KEINE REPLIKATIONEN M\u00d6GLICH! &nbsp;<\/p>","protected":false},"featured_media":177226,"template":"","meta":[],"product_brand":[],"product_cat":[151],"product_tag":[],"class_list":{"0":"post-177225","1":"product","2":"type-product","3":"status-publish","4":"has-post-thumbnail","6":"product_cat-pro-team","8":"first","9":"onbackorder","10":"taxable","11":"shipping-taxable","12":"product-type-simple"},"yoast_head":"<!-- This site is optimized with the Yoast SEO plugin v27.4 - https:\/\/yoast.com\/product\/yoast-seo-wordpress\/ -->\n<title>VARTA (a)-.... .. COLOMBIA 1986 WIELERSHIRT - Ton Merckx Wielershirts - Rondreis door de wereld van wielershirts<\/title>\n<meta name=\"robots\" content=\"index, follow, max-snippet:-1, max-image-preview:large, max-video-preview:-1\" \/>\n<link rel=\"canonical\" href=\"https:\/\/mail.cyclingoriginals.com\/de\/retro-radtrikot\/radtrikot-von-varta-a-colombia-1986\/\" \/>\n<meta property=\"og:locale\" content=\"de_DE\" \/>\n<meta property=\"og:type\" content=\"article\" \/>\n<meta property=\"og:title\" content=\"VARTA (a)-.... .. COLOMBIA 1986 WIELERSHIRT - Ton Merckx Wielershirts - Rondreis door de wereld van wielershirts\" \/>\n<meta property=\"og:description\" content=\"VARTA (a)-&#8230;. .. COLOMBIA 1986 Legendarische Colombiaanse wielerploeg. Die in de Tour de France vele klimsuccessen behaalde. De Originele naam van de ploeg mogen we helaas niet op de website plaatsen. &nbsp; GEEN REPLICAS MOGELIJK !!!!!!!!!!!!! &nbsp;\" \/>\n<meta property=\"og:url\" content=\"https:\/\/mail.cyclingoriginals.com\/de\/retro-radtrikot\/radtrikot-von-varta-a-colombia-1986\/\" \/>\n<meta property=\"og:site_name\" content=\"Ton Merckx Wielershirts - Rondreis door de wereld van wielershirts\" \/>\n<meta property=\"article:modified_time\" content=\"2026-01-28T11:00:19+00:00\" \/>\n<meta property=\"og:image\" content=\"https:\/\/mail.cyclingoriginals.com\/wp-content\/uploads\/2025\/12\/IMG_4234-scaled.jpg\" \/>\n\t<meta property=\"og:image:width\" content=\"1920\" \/>\n\t<meta property=\"og:image:height\" content=\"2560\" \/>\n\t<meta property=\"og:image:type\" content=\"image\/jpeg\" \/>\n<meta name=\"twitter:card\" content=\"summary_large_image\" \/>\n<meta name=\"twitter:label1\" content=\"Gesch\u00e4tzte Lesezeit\" \/>\n\t<meta name=\"twitter:data1\" content=\"1\u00a0Minute\" \/>\n<script type=\"application\/ld+json\" class=\"yoast-schema-graph\">{\"@context\":\"https:\\\/\\\/schema.org\",\"@graph\":[{\"@type\":\"WebPage\",\"@id\":\"https:\\\/\\\/mail.cyclingoriginals.com\\\/retro-wielershirt\\\/varta-a-colombia-1986-wielershirt\\\/\",\"url\":\"https:\\\/\\\/mail.cyclingoriginals.com\\\/retro-wielershirt\\\/varta-a-colombia-1986-wielershirt\\\/\",\"name\":\"VARTA (a)-.... .. COLOMBIA 1986 WIELERSHIRT - Ton Merckx Wielershirts - Rondreis door de wereld van wielershirts\",\"isPartOf\":{\"@id\":\"https:\\\/\\\/tonmerckxwielershirts.nl\\\/es\\\/#website\"},\"primaryImageOfPage\":{\"@id\":\"https:\\\/\\\/mail.cyclingoriginals.com\\\/retro-wielershirt\\\/varta-a-colombia-1986-wielershirt\\\/#primaryimage\"},\"image\":{\"@id\":\"https:\\\/\\\/mail.cyclingoriginals.com\\\/retro-wielershirt\\\/varta-a-colombia-1986-wielershirt\\\/#primaryimage\"},\"thumbnailUrl\":\"https:\\\/\\\/mail.cyclingoriginals.com\\\/wp-content\\\/uploads\\\/2025\\\/12\\\/IMG_4234-scaled.jpg\",\"datePublished\":\"2025-12-21T08:23:57+00:00\",\"dateModified\":\"2026-01-28T11:00:19+00:00\",\"breadcrumb\":{\"@id\":\"https:\\\/\\\/mail.cyclingoriginals.com\\\/retro-wielershirt\\\/varta-a-colombia-1986-wielershirt\\\/#breadcrumb\"},\"inLanguage\":\"de\",\"potentialAction\":[{\"@type\":\"ReadAction\",\"target\":[\"https:\\\/\\\/mail.cyclingoriginals.com\\\/retro-wielershirt\\\/varta-a-colombia-1986-wielershirt\\\/\"]}]},{\"@type\":\"ImageObject\",\"inLanguage\":\"de\",\"@id\":\"https:\\\/\\\/mail.cyclingoriginals.com\\\/retro-wielershirt\\\/varta-a-colombia-1986-wielershirt\\\/#primaryimage\",\"url\":\"https:\\\/\\\/mail.cyclingoriginals.com\\\/wp-content\\\/uploads\\\/2025\\\/12\\\/IMG_4234-scaled.jpg\",\"contentUrl\":\"https:\\\/\\\/mail.cyclingoriginals.com\\\/wp-content\\\/uploads\\\/2025\\\/12\\\/IMG_4234-scaled.jpg\",\"width\":1920,\"height\":2560},{\"@type\":\"BreadcrumbList\",\"@id\":\"https:\\\/\\\/mail.cyclingoriginals.com\\\/retro-wielershirt\\\/varta-a-colombia-1986-wielershirt\\\/#breadcrumb\",\"itemListElement\":[{\"@type\":\"ListItem\",\"position\":1,\"name\":\"Home\",\"item\":\"https:\\\/\\\/tonmerckxwielershirts.nl\\\/es\\\/\"},{\"@type\":\"ListItem\",\"position\":2,\"name\":\"Retro wielershirts\",\"item\":\"https:\\\/\\\/tonmerckxwielershirts.nl\\\/es\\\/camisetas-de-ciclismo-retro\\\/\"},{\"@type\":\"ListItem\",\"position\":3,\"name\":\"VARTA (a)-&#8230;. .. COLOMBIA 1986 WIELERSHIRT\"}]},{\"@type\":\"WebSite\",\"@id\":\"https:\\\/\\\/tonmerckxwielershirts.nl\\\/es\\\/#website\",\"url\":\"https:\\\/\\\/tonmerckxwielershirts.nl\\\/es\\\/\",\"name\":\"Ton Merckx Wielershirts - Rondreis door de wereld van wielershirts\",\"description\":\"thousands of original cycling jerseys - order your replica!\",\"publisher\":{\"@id\":\"https:\\\/\\\/tonmerckxwielershirts.nl\\\/es\\\/#organization\"},\"potentialAction\":[{\"@type\":\"SearchAction\",\"target\":{\"@type\":\"EntryPoint\",\"urlTemplate\":\"https:\\\/\\\/tonmerckxwielershirts.nl\\\/es\\\/?s={search_term_string}\"},\"query-input\":{\"@type\":\"PropertyValueSpecification\",\"valueRequired\":true,\"valueName\":\"search_term_string\"}}],\"inLanguage\":\"de\"},{\"@type\":\"Organization\",\"@id\":\"https:\\\/\\\/tonmerckxwielershirts.nl\\\/es\\\/#organization\",\"name\":\"Ton Merckx Wielershirts - Rondreis door de wereld van wielershirts\",\"url\":\"https:\\\/\\\/tonmerckxwielershirts.nl\\\/es\\\/\",\"logo\":{\"@type\":\"ImageObject\",\"inLanguage\":\"de\",\"@id\":\"https:\\\/\\\/tonmerckxwielershirts.nl\\\/es\\\/#\\\/schema\\\/logo\\\/image\\\/\",\"url\":\"https:\\\/\\\/mail.cyclingoriginals.com\\\/wp-content\\\/uploads\\\/2023\\\/03\\\/ton-merckx-logo.jpg\",\"contentUrl\":\"https:\\\/\\\/mail.cyclingoriginals.com\\\/wp-content\\\/uploads\\\/2023\\\/03\\\/ton-merckx-logo.jpg\",\"width\":391,\"height\":57,\"caption\":\"Ton Merckx Wielershirts - Rondreis door de wereld van wielershirts\"},\"image\":{\"@id\":\"https:\\\/\\\/tonmerckxwielershirts.nl\\\/es\\\/#\\\/schema\\\/logo\\\/image\\\/\"}}]}<\/script>\n<!-- \/ Yoast SEO plugin. -->","yoast_head_json":{"title":"VARTA (a)-.... .. KOLUMBIEN 1986 RADTRIKOT - Ton Merckx Radtrikots - Tour durch die Welt der Radtrikots","robots":{"index":"index","follow":"follow","max-snippet":"max-snippet:-1","max-image-preview":"max-image-preview:large","max-video-preview":"max-video-preview:-1"},"canonical":"https:\/\/mail.cyclingoriginals.com\/de\/retro-radtrikot\/radtrikot-von-varta-a-colombia-1986\/","og_locale":"de_DE","og_type":"article","og_title":"VARTA (a)-.... .. COLOMBIA 1986 WIELERSHIRT - Ton Merckx Wielershirts - Rondreis door de wereld van wielershirts","og_description":"VARTA (a)-&#8230;. .. COLOMBIA 1986 Legendarische Colombiaanse wielerploeg. Die in de Tour de France vele klimsuccessen behaalde. De Originele naam van de ploeg mogen we helaas niet op de website plaatsen. &nbsp; GEEN REPLICAS MOGELIJK !!!!!!!!!!!!! &nbsp;","og_url":"https:\/\/mail.cyclingoriginals.com\/de\/retro-radtrikot\/radtrikot-von-varta-a-colombia-1986\/","og_site_name":"Ton Merckx Wielershirts - Rondreis door de wereld van wielershirts","article_modified_time":"2026-01-28T11:00:19+00:00","og_image":[{"width":1920,"height":2560,"url":"https:\/\/mail.cyclingoriginals.com\/wp-content\/uploads\/2025\/12\/IMG_4234-scaled.jpg","type":"image\/jpeg"}],"twitter_card":"summary_large_image","twitter_misc":{"Gesch\u00e4tzte Lesezeit":"1\u00a0Minute"},"schema":{"@context":"https:\/\/schema.org","@graph":[{"@type":"WebPage","@id":"https:\/\/mail.cyclingoriginals.com\/retro-wielershirt\/varta-a-colombia-1986-wielershirt\/","url":"https:\/\/mail.cyclingoriginals.com\/retro-wielershirt\/varta-a-colombia-1986-wielershirt\/","name":"VARTA (a)-.... .. KOLUMBIEN 1986 RADTRIKOT - Ton Merckx Radtrikots - Tour durch die Welt der Radtrikots","isPartOf":{"@id":"https:\/\/tonmerckxwielershirts.nl\/es\/#website"},"primaryImageOfPage":{"@id":"https:\/\/mail.cyclingoriginals.com\/retro-wielershirt\/varta-a-colombia-1986-wielershirt\/#primaryimage"},"image":{"@id":"https:\/\/mail.cyclingoriginals.com\/retro-wielershirt\/varta-a-colombia-1986-wielershirt\/#primaryimage"},"thumbnailUrl":"https:\/\/mail.cyclingoriginals.com\/wp-content\/uploads\/2025\/12\/IMG_4234-scaled.jpg","datePublished":"2025-12-21T08:23:57+00:00","dateModified":"2026-01-28T11:00:19+00:00","breadcrumb":{"@id":"https:\/\/mail.cyclingoriginals.com\/retro-wielershirt\/varta-a-colombia-1986-wielershirt\/#breadcrumb"},"inLanguage":"de","potentialAction":[{"@type":"ReadAction","target":["https:\/\/mail.cyclingoriginals.com\/retro-wielershirt\/varta-a-colombia-1986-wielershirt\/"]}]},{"@type":"ImageObject","inLanguage":"de","@id":"https:\/\/mail.cyclingoriginals.com\/retro-wielershirt\/varta-a-colombia-1986-wielershirt\/#primaryimage","url":"https:\/\/mail.cyclingoriginals.com\/wp-content\/uploads\/2025\/12\/IMG_4234-scaled.jpg","contentUrl":"https:\/\/mail.cyclingoriginals.com\/wp-content\/uploads\/2025\/12\/IMG_4234-scaled.jpg","width":1920,"height":2560},{"@type":"BreadcrumbList","@id":"https:\/\/mail.cyclingoriginals.com\/retro-wielershirt\/varta-a-colombia-1986-wielershirt\/#breadcrumb","itemListElement":[{"@type":"ListItem","position":1,"name":"Home","item":"https:\/\/tonmerckxwielershirts.nl\/es\/"},{"@type":"ListItem","position":2,"name":"Retro wielershirts","item":"https:\/\/tonmerckxwielershirts.nl\/es\/camisetas-de-ciclismo-retro\/"},{"@type":"ListItem","position":3,"name":"VARTA (a)-&#8230;. .. COLOMBIA 1986 WIELERSHIRT"}]},{"@type":"WebSite","@id":"https:\/\/tonmerckxwielershirts.nl\/es\/#website","url":"https:\/\/tonmerckxwielershirts.nl\/es\/","name":"Ton Merckx Radsport-Shirts \u2013 Tour durch die Welt der Radsport-Shirts","description":"Tausende originale Radtrikots \u2013 bestellen Sie Ihr Replikat!","publisher":{"@id":"https:\/\/tonmerckxwielershirts.nl\/es\/#organization"},"potentialAction":[{"@type":"SearchAction","target":{"@type":"EntryPoint","urlTemplate":"https:\/\/tonmerckxwielershirts.nl\/es\/?s={search_term_string}"},"query-input":{"@type":"PropertyValueSpecification","valueRequired":true,"valueName":"search_term_string"}}],"inLanguage":"de"},{"@type":"Organization","@id":"https:\/\/tonmerckxwielershirts.nl\/es\/#organization","name":"Ton Merckx Radsport-Shirts \u2013 Tour durch die Welt der Radsport-Shirts","url":"https:\/\/tonmerckxwielershirts.nl\/es\/","logo":{"@type":"ImageObject","inLanguage":"de","@id":"https:\/\/tonmerckxwielershirts.nl\/es\/#\/schema\/logo\/image\/","url":"https:\/\/mail.cyclingoriginals.com\/wp-content\/uploads\/2023\/03\/ton-merckx-logo.jpg","contentUrl":"https:\/\/mail.cyclingoriginals.com\/wp-content\/uploads\/2023\/03\/ton-merckx-logo.jpg","width":391,"height":57,"caption":"Ton Merckx Wielershirts - Rondreis door de wereld van wielershirts"},"image":{"@id":"https:\/\/tonmerckxwielershirts.nl\/es\/#\/schema\/logo\/image\/"}}]}},"_links":{"self":[{"href":"https:\/\/mail.cyclingoriginals.com\/de\/wp-json\/wp\/v2\/product\/177225","targetHints":{"allow":["GET"]}}],"collection":[{"href":"https:\/\/mail.cyclingoriginals.com\/de\/wp-json\/wp\/v2\/product"}],"about":[{"href":"https:\/\/mail.cyclingoriginals.com\/de\/wp-json\/wp\/v2\/types\/product"}],"wp:featuredmedia":[{"embeddable":true,"href":"https:\/\/mail.cyclingoriginals.com\/de\/wp-json\/wp\/v2\/media\/177226"}],"wp:attachment":[{"href":"https:\/\/mail.cyclingoriginals.com\/de\/wp-json\/wp\/v2\/media?parent=177225"}],"wp:term":[{"taxonomy":"product_brand","embeddable":true,"href":"https:\/\/mail.cyclingoriginals.com\/de\/wp-json\/wp\/v2\/product_brand?post=177225"},{"taxonomy":"product_cat","embeddable":true,"href":"https:\/\/mail.cyclingoriginals.com\/de\/wp-json\/wp\/v2\/product_cat?post=177225"},{"taxonomy":"product_tag","embeddable":true,"href":"https:\/\/mail.cyclingoriginals.com\/de\/wp-json\/wp\/v2\/product_tag?post=177225"}],"curies":[{"name":"wp","href":"https:\/\/api.w.org\/{rel}","templated":true}]}}