{"id":5257,"date":"2023-03-13T20:20:53","date_gmt":"2023-03-13T20:20:53","guid":{"rendered":"https:\/\/ton.connectingminds.net\/?page_id=5257"},"modified":"2023-09-04T20:17:34","modified_gmt":"2023-09-04T18:17:34","slug":"uber-ton-merckx","status":"publish","type":"page","link":"https:\/\/mail.cyclingoriginals.com\/de\/over-ton-merckx\/","title":{"rendered":"\u00dcber Ton Merckx"},"content":{"rendered":"<div data-elementor-type=\"wp-page\" data-elementor-id=\"5257\" class=\"elementor elementor-5257\">\n\t\t\t\t\t\t<section class=\"elementor-section elementor-top-section elementor-element elementor-element-53e2171 elementor-section-full_width elementor-section-height-default elementor-section-height-default\" data-id=\"53e2171\" data-element_type=\"section\" data-e-type=\"section\">\n\t\t\t\t\t\t<div class=\"elementor-container elementor-column-gap-default\">\n\t\t\t\t\t<div class=\"elementor-column elementor-col-100 elementor-top-column elementor-element elementor-element-b86d447\" data-id=\"b86d447\" data-element_type=\"column\" data-e-type=\"column\">\n\t\t\t<div class=\"elementor-widget-wrap elementor-element-populated\">\n\t\t\t\t\t\t<div class=\"elementor-element elementor-element-9648d88 elementor-widget elementor-widget-image\" data-id=\"9648d88\" data-element_type=\"widget\" data-e-type=\"widget\" data-widget_type=\"image.default\">\n\t\t\t\t<div class=\"elementor-widget-container\">\n\t\t\t\t\t\t\t\t\t\t\t\t\t\t\t<img fetchpriority=\"high\" decoding=\"async\" width=\"1024\" height=\"473\" src=\"https:\/\/www.tonmerckxwielershirts.nl\/wp-content\/uploads\/2023\/03\/over-ton-merckx-1024x473.jpg\" class=\"attachment-large size-large wp-image-5269\" alt=\"\" srcset=\"https:\/\/www.tonmerckxwielershirts.nl\/wp-content\/uploads\/2023\/03\/over-ton-merckx-1024x473.jpg 1024w, https:\/\/www.tonmerckxwielershirts.nl\/wp-content\/uploads\/2023\/03\/over-ton-merckx-600x277.jpg 600w, https:\/\/www.tonmerckxwielershirts.nl\/wp-content\/uploads\/2023\/03\/over-ton-merckx-300x138.jpg 300w, https:\/\/www.tonmerckxwielershirts.nl\/wp-content\/uploads\/2023\/03\/over-ton-merckx-768x355.jpg 768w, https:\/\/www.tonmerckxwielershirts.nl\/wp-content\/uploads\/2023\/03\/over-ton-merckx-18x8.jpg 18w, https:\/\/www.tonmerckxwielershirts.nl\/wp-content\/uploads\/2023\/03\/over-ton-merckx.jpg 1302w\" sizes=\"(max-width: 1024px) 100vw, 1024px\" \/>\t\t\t\t\t\t\t\t\t\t\t\t\t\t\t<\/div>\n\t\t\t\t<\/div>\n\t\t\t\t\t<\/div>\n\t\t<\/div>\n\t\t\t\t\t<\/div>\n\t\t<\/section>\n\t\t\t\t<section class=\"elementor-section elementor-top-section elementor-element elementor-element-5d90fe2 elementor-section-boxed elementor-section-height-default elementor-section-height-default\" data-id=\"5d90fe2\" data-element_type=\"section\" data-e-type=\"section\">\n\t\t\t\t\t\t<div class=\"elementor-container elementor-column-gap-default\">\n\t\t\t\t\t<div class=\"elementor-column elementor-col-100 elementor-top-column elementor-element elementor-element-77d137a\" data-id=\"77d137a\" data-element_type=\"column\" data-e-type=\"column\">\n\t\t\t<div class=\"elementor-widget-wrap elementor-element-populated\">\n\t\t\t\t\t\t<div class=\"elementor-element elementor-element-ae1b9ed elementor-widget elementor-widget-spacer\" data-id=\"ae1b9ed\" data-element_type=\"widget\" data-e-type=\"widget\" data-widget_type=\"spacer.default\">\n\t\t\t\t<div class=\"elementor-widget-container\">\n\t\t\t\t\t\t\t<div class=\"elementor-spacer\">\n\t\t\t<div class=\"elementor-spacer-inner\"><\/div>\n\t\t<\/div>\n\t\t\t\t\t\t<\/div>\n\t\t\t\t<\/div>\n\t\t\t\t<div class=\"elementor-element elementor-element-dd90b8e tmrw-text-spacing elementor-widget elementor-widget-text-editor\" data-id=\"dd90b8e\" data-element_type=\"widget\" data-e-type=\"widget\" data-widget_type=\"text-editor.default\">\n\t\t\t\t<div class=\"elementor-widget-container\">\n\t\t\t\t\t\t\t\t\t<p>Die Website, die Sie besuchen m\u00f6chten, ist das Ergebnis einer mehr als 30-j\u00e4hrigen Sammlungsarbeit.<br \/>Keine Briefmarken oder Zigarrenringe (die ich in meiner Jugend nat\u00fcrlich auch gesammelt habe), sondern RADFAHRER-HEMDEN, und zwar nur Radsport-Trikots von Profiteams.<\/p><p>Ich begann damit im Jahr 1983, nachdem ich das Natour-Kriterium in Valkenswaard besucht hatte. W\u00e4hrend dieses Kriteriums sah ich den \u00f6rtlichen Radprofi Jan Aling aus Bladel in einem Hemd von HENK WINTERMANS (dem ber\u00fchmten Apfelbauern aus Duizel) fahren.<br \/>Das Shirt gefiel mir so gut, dass ich dachte, ich schau mal, ob ich so ein Shirt nicht finden kann.<br \/>Nach einiger Zeit hatte ich Erfolg und fuhr mit meinem Rennrad nach Bladel, um 5 Hemden von Jan Aling (Henk Wintermans, HB Alarmsystemen, Marc-Zeepcentrale, B&amp;S-Elro Snacks und B&amp;S Stra\u00dfenbaumaterialien) abzuholen, ohne zu wissen, dass ich h\u00e4tte mit dem Sammeln von PRO CYCLING SHIRTS begonnen.<\/p><p>In den 1990er Jahren nahm meine Sammlung enorm zu und ich sammelte viele T-Shirts aus der Vergangenheit von Ex-Profis. Die meisten Leute, mit denen ich damals sprach, dachten, es sei nur eine \u201eseltsame Sammlung\u201c, aber ich war sehr fanatisch, was das anging.<\/p><p>In der Zwischenzeit bin ich mit dem Fahrrad durch die Stadt und \u00fcbers Land gefahren, um T-Shirts zu holen, wenn es mit dem Fahrrad erreichbar war. Ich habe aber auch viele Shirts per Post erhalten. Unser Postbote muss mich verflucht haben, wenn ich wieder ein paar Pakete mit Hemden h\u00e4tte. Zum Gl\u00fcck f\u00fcr ihn begann ich auch bei der PTT zu arbeiten, sodass ich ihn zumindest verschonen konnte.<\/p><p>Im Moment arbeite ich nicht mehr bei der PTT, bin aber Lagerangestellter bei Nisbets in Eindhoven und bin auch in unserem Tourclub TC Wilhelmina sehr aktiv mit der Planung und Organisation von Touren. Au\u00dferdem organisiere ich etwa 10 Touren pro Jahr im Eindhovener Radcaf\u00e9 de CYKLIST. Im Herbst werde ich wieder mit dem Fahrrad losfahren, um in der Gegend viele Radsport-Shirts einzusammeln, damit meine beiden Radsport-Leidenschaften wieder zusammenflie\u00dfen.<\/p><p>Hinter den meisten Hemden, insbesondere den wirklich alten Hemden, steckt eine lange Geschichte, aber es w\u00fcrde zu weit f\u00fchren, alle diese Geschichten hier zu erz\u00e4hlen. Auch die Suche nach T-Shirts geht manchmal \u00fcber viele CDs und manchmal dauert es mehrere Jahre, bis ich ein T-Shirt bekomme. Das AHV-Rijen-Shirt ist daf\u00fcr ein Paradebeispiel.<\/p><p>W\u00e4hrend einer Radtour durch den Achterhoek sah ich pl\u00f6tzlich ein Auto mit der Aufschrift AHV HONDENFOER RIJEN fahren, was mir den Mut gab, noch einmal nach diesem T-Shirt zu suchen. Fr\u00fchere Versuche waren gescheitert. \u00dcber die AHV in Rijen kam ich mit Barry Adema in Kontakt, danach landete ich bei Joost Voesenek, Rini van Roon und Dries van Wijhe. Immer noch erfolglos, traf ich schlie\u00dflich zwei Jahre sp\u00e4ter auf Wim van Boven, der mir mit einem sch\u00f6nen T-Shirt helfen konnte. Ende gut, alles gut. Auf der Veluwe kam ich auch an der Teppichfabrik KELA vorbei, ich dachte, das sei ein bekannter Name, und als ich nach Hause kam, sah ich, dass sie im Jahr 1973 tats\u00e4chlich ein Radsportteam gesponsert hatte.<\/p><p>Nach langer Suche kam ich in Hippolytushoef mit Peter van Stralen in Kontakt, ideal f\u00fcr eine sch\u00f6ne Radtour durch Nordholland. Als ich (mit dem Zug) in Schagen ankam, regnete es in Str\u00f6men, also fuhr ich mit meinem Radkumpel von t Veld mit dem Auto nach Hippolytushoef. Das Ergebnis ist ein weiteres wundersch\u00f6nes und einzigartiges Hemd, das noch reicher ist.<\/p><p>Eine einzigartige Suche war auch nach dem Trikot der KENYAN RIDERS DOWNUNDER, einem Team mit vielen Fahrern aus Kenia und einigen Australiern und Neuseel\u00e4ndern. Ich habe vielen Fahrern eine E-Mail geschickt und immer wieder gewartet, aber am Ende kam nichts.<\/p><p>Der letzte Australier w\u00fcrde ein Trikot in die Niederlande mitbringen, wenn er dort Rennen fahren w\u00fcrde (Fr\u00fchjahr 2019). Als er schlie\u00dflich in den Niederlanden ankam, brach er den Kontakt ab, nachdem er in den Wochen\/Monaten zuvor h\u00e4ufig E-Mails hin und her geschrieben hatte, also Ende der Geschichte.<\/p><p>Trotzdem nahm ich Kontakt zu Mwangi Samwell aus Kenia auf, der mir schlie\u00dflich mit einem T-Shirt helfen konnte. Mwangi Samwell ist erst seit einem Jahr Profi, zog sich bei einem Sturz in der ersten Etappe der Ruanda-Rundfahrt eine schwere Beinverletzung zu, machte aber trotzdem weiter. Ein paar Tage sp\u00e4ter st\u00fcrzte er erneut, wobei sich die Wunde in seinem Bein erneut \u00f6ffnete und sich entz\u00fcndete. Schlie\u00dflich musste sein Bein amputiert werden, aber er radelt immer noch und ist auf dem Weg zu den PARALYMPICS nach Tokio. Viel Gl\u00fcck f\u00fcr ihn, ein Draufg\u00e4nger verdient eine Medaille. F\u00fcr mich am Ende dieses Shirts: Ende gut, alles gut. Hoffentlich auch f\u00fcr Mwangi Samwell in Tokio 2021.<\/p><p>In den letzten Jahren habe ich in den Ferien auch einige T-Shirts gefunden\/abgeholt. Habe ein T-Shirt von NOTEBOOKSBILLIGER.DE in Potsdam gefunden. Es lohnt sich, auf der Website nachzuschauen, ein sch\u00f6nes und witziges T-Shirt (schwarzes T-Shirt mit einem rosa Schweinchen darauf).<\/p><p>Habe ein paar Hemden von SPARTAK PRAHA in Prag gefunden und auch zwei Hemden von EXPERIMENT 23 in Jablonec nad Nissou mitgenommen. Der besagte Mann hatte diese Hemden schon seit ein paar Jahren parat, weil ich sicher war, dass ich in naher Zukunft nach Jablonec zur\u00fcckkehren w\u00fcrde .go, war in meiner Kindheit schon zweimal dort als Mitglied des ber\u00fchmten TIVOLI-CHORs.<\/p><p>Habe im Fr\u00fchjahr 2020 auch ein paar sch\u00f6ne Shirts in Neuseeland und Australien ergattert.<br \/>Oft das Ergebnis monatelanger Suche, die schlie\u00dflich erfolgreich endet.<\/p><p>Der Z\u00e4hlerstand betr\u00e4gt mittlerweile fast 2316 Trikots aus 61 L\u00e4ndern, die \u00e4ltesten stammen aus den Jahren 1950 und 1952.<br \/>Die SCH\u00d6NSTEN HEMDEN????? Es gibt zu viele, um sie alle aufzuz\u00e4hlen \u2026\u2026\u2026.<\/p><p>Das Liebste\u2026<br \/>Ein REGENBOGENHEMD und ein GELBES TRIKOT von der Tour de France von BERNARD HINAULT!!!!<\/p><p>\u00a0<\/p><p>Eindhoven, 7. Januar 2021<br \/>Mit sportlichen Gr\u00fc\u00dfen, Ton Merckx<\/p>\t\t\t\t\t\t\t\t<\/div>\n\t\t\t\t<\/div>\n\t\t\t\t<div class=\"elementor-element elementor-element-df087ad elementor-widget elementor-widget-button\" data-id=\"df087ad\" data-element_type=\"widget\" data-e-type=\"widget\" data-widget_type=\"button.default\">\n\t\t\t\t<div class=\"elementor-widget-container\">\n\t\t\t\t\t\t\t\t\t<div class=\"elementor-button-wrapper\">\n\t\t\t\t\t<a class=\"elementor-button elementor-button-link elementor-size-sm\" href=\"https:\/\/cycling-originals.com\/collecting-team-jerseys-for-over-30-years\/\">\n\t\t\t\t\t\t<span class=\"elementor-button-content-wrapper\">\n\t\t\t\t\t\t\t\t\t<span class=\"elementor-button-text\">Interview Ton Merckx Velo Veritas &gt;<\/span>\n\t\t\t\t\t<\/span>\n\t\t\t\t\t<\/a>\n\t\t\t\t<\/div>\n\t\t\t\t\t\t\t\t<\/div>\n\t\t\t\t<\/div>\n\t\t\t\t<div class=\"elementor-element elementor-element-88380a3 elementor-widget elementor-widget-spacer\" data-id=\"88380a3\" data-element_type=\"widget\" data-e-type=\"widget\" data-widget_type=\"spacer.default\">\n\t\t\t\t<div class=\"elementor-widget-container\">\n\t\t\t\t\t\t\t<div class=\"elementor-spacer\">\n\t\t\t<div class=\"elementor-spacer-inner\"><\/div>\n\t\t<\/div>\n\t\t\t\t\t\t<\/div>\n\t\t\t\t<\/div>\n\t\t\t\t\t<\/div>\n\t\t<\/div>\n\t\t\t\t\t<\/div>\n\t\t<\/section>\n\t\t\t\t<\/div>","protected":false},"excerpt":{"rendered":"<p>De website die u zo dadelijk gaat bezoeken is het resultaat van meer dan 30 jaar verzamelen.Geen postzegels of sigarenbandjes (die ik natuurlijk ook verzameld heb in mijn jeugdjaren) maar WIELERSHIRTS, en dan ook nog alleen wielershirts van profploegen. In 1983 ben ik daarmee begonnen, nadat ik het natourcriterium van Valkenswaard had bezocht. Tijdens dat [&hellip;]<\/p>\n","protected":false},"author":1,"featured_media":0,"parent":0,"menu_order":0,"comment_status":"closed","ping_status":"closed","template":"","meta":{"footnotes":""},"class_list":["post-5257","page","type-page","status-publish","hentry"],"yoast_head":"<!-- This site is optimized with the Yoast SEO plugin v27.3 - https:\/\/yoast.com\/product\/yoast-seo-wordpress\/ -->\n<title>Over Ton Merckx - Ton Merckx Wielershirts - Rondreis door de wereld van wielershirts<\/title>\n<meta name=\"robots\" content=\"index, follow, max-snippet:-1, max-image-preview:large, max-video-preview:-1\" \/>\n<link rel=\"canonical\" href=\"https:\/\/mail.ton-merckx-wielershirts.nl\/over-ton-merckx\/\" \/>\n<meta property=\"og:locale\" content=\"de_DE\" \/>\n<meta property=\"og:type\" content=\"article\" \/>\n<meta property=\"og:title\" content=\"Over Ton Merckx - Ton Merckx Wielershirts - Rondreis door de wereld van wielershirts\" \/>\n<meta property=\"og:description\" content=\"De website die u zo dadelijk gaat bezoeken is het resultaat van meer dan 30 jaar verzamelen.Geen postzegels of sigarenbandjes (die ik natuurlijk ook verzameld heb in mijn jeugdjaren) maar WIELERSHIRTS, en dan ook nog alleen wielershirts van profploegen. In 1983 ben ik daarmee begonnen, nadat ik het natourcriterium van Valkenswaard had bezocht. Tijdens dat [&hellip;]\" \/>\n<meta property=\"og:url\" content=\"https:\/\/mail.ton-merckx-wielershirts.nl\/over-ton-merckx\/\" \/>\n<meta property=\"og:site_name\" content=\"Ton Merckx Wielershirts - Rondreis door de wereld van wielershirts\" \/>\n<meta property=\"article:modified_time\" content=\"2023-09-04T18:17:34+00:00\" \/>\n<meta property=\"og:image\" content=\"https:\/\/tonmerckxwielershirts.nl\/wp-content\/uploads\/2023\/03\/over-ton-merckx-1024x473.jpg\" \/>\n<meta name=\"twitter:card\" content=\"summary_large_image\" \/>\n<meta name=\"twitter:label1\" content=\"Gesch\u00e4tzte Lesezeit\" \/>\n\t<meta name=\"twitter:data1\" content=\"5\u00a0Minuten\" \/>\n<script type=\"application\/ld+json\" class=\"yoast-schema-graph\">{\"@context\":\"https:\\\/\\\/schema.org\",\"@graph\":[{\"@type\":\"WebPage\",\"@id\":\"https:\\\/\\\/mail.ton-merckx-wielershirts.nl\\\/over-ton-merckx\\\/\",\"url\":\"https:\\\/\\\/mail.ton-merckx-wielershirts.nl\\\/over-ton-merckx\\\/\",\"name\":\"Over Ton Merckx - Ton Merckx Wielershirts - Rondreis door de wereld van wielershirts\",\"isPartOf\":{\"@id\":\"https:\\\/\\\/mail.ton-merckx-wielershirts.nl\\\/#website\"},\"primaryImageOfPage\":{\"@id\":\"https:\\\/\\\/mail.ton-merckx-wielershirts.nl\\\/over-ton-merckx\\\/#primaryimage\"},\"image\":{\"@id\":\"https:\\\/\\\/mail.ton-merckx-wielershirts.nl\\\/over-ton-merckx\\\/#primaryimage\"},\"thumbnailUrl\":\"https:\\\/\\\/tonmerckxwielershirts.nl\\\/wp-content\\\/uploads\\\/2023\\\/03\\\/over-ton-merckx-1024x473.jpg\",\"datePublished\":\"2023-03-13T20:20:53+00:00\",\"dateModified\":\"2023-09-04T18:17:34+00:00\",\"breadcrumb\":{\"@id\":\"https:\\\/\\\/mail.ton-merckx-wielershirts.nl\\\/over-ton-merckx\\\/#breadcrumb\"},\"inLanguage\":\"de\",\"potentialAction\":[{\"@type\":\"ReadAction\",\"target\":[\"https:\\\/\\\/mail.ton-merckx-wielershirts.nl\\\/over-ton-merckx\\\/\"]}]},{\"@type\":\"ImageObject\",\"inLanguage\":\"de\",\"@id\":\"https:\\\/\\\/mail.ton-merckx-wielershirts.nl\\\/over-ton-merckx\\\/#primaryimage\",\"url\":\"https:\\\/\\\/tonmerckxwielershirts.nl\\\/wp-content\\\/uploads\\\/2023\\\/03\\\/over-ton-merckx-1024x473.jpg\",\"contentUrl\":\"https:\\\/\\\/tonmerckxwielershirts.nl\\\/wp-content\\\/uploads\\\/2023\\\/03\\\/over-ton-merckx-1024x473.jpg\"},{\"@type\":\"BreadcrumbList\",\"@id\":\"https:\\\/\\\/mail.ton-merckx-wielershirts.nl\\\/over-ton-merckx\\\/#breadcrumb\",\"itemListElement\":[{\"@type\":\"ListItem\",\"position\":1,\"name\":\"Home\",\"item\":\"https:\\\/\\\/mail.ton-merckx-wielershirts.nl\\\/\"},{\"@type\":\"ListItem\",\"position\":2,\"name\":\"Over Ton Merckx\"}]},{\"@type\":\"WebSite\",\"@id\":\"https:\\\/\\\/mail.ton-merckx-wielershirts.nl\\\/#website\",\"url\":\"https:\\\/\\\/mail.ton-merckx-wielershirts.nl\\\/\",\"name\":\"Ton Merckx Wielershirts - Rondreis door de wereld van wielershirts\",\"description\":\"thousands of original cycling jerseys - order your replica!\",\"publisher\":{\"@id\":\"https:\\\/\\\/mail.ton-merckx-wielershirts.nl\\\/#organization\"},\"potentialAction\":[{\"@type\":\"SearchAction\",\"target\":{\"@type\":\"EntryPoint\",\"urlTemplate\":\"https:\\\/\\\/mail.ton-merckx-wielershirts.nl\\\/?s={search_term_string}\"},\"query-input\":{\"@type\":\"PropertyValueSpecification\",\"valueRequired\":true,\"valueName\":\"search_term_string\"}}],\"inLanguage\":\"de\"},{\"@type\":\"Organization\",\"@id\":\"https:\\\/\\\/mail.ton-merckx-wielershirts.nl\\\/#organization\",\"name\":\"Ton Merckx Wielershirts - Rondreis door de wereld van wielershirts\",\"url\":\"https:\\\/\\\/mail.ton-merckx-wielershirts.nl\\\/\",\"logo\":{\"@type\":\"ImageObject\",\"inLanguage\":\"de\",\"@id\":\"https:\\\/\\\/mail.ton-merckx-wielershirts.nl\\\/#\\\/schema\\\/logo\\\/image\\\/\",\"url\":\"https:\\\/\\\/mail.cyclingoriginals.com\\\/wp-content\\\/uploads\\\/2023\\\/03\\\/ton-merckx-logo.jpg\",\"contentUrl\":\"https:\\\/\\\/mail.cyclingoriginals.com\\\/wp-content\\\/uploads\\\/2023\\\/03\\\/ton-merckx-logo.jpg\",\"width\":391,\"height\":57,\"caption\":\"Ton Merckx Wielershirts - Rondreis door de wereld van wielershirts\"},\"image\":{\"@id\":\"https:\\\/\\\/mail.ton-merckx-wielershirts.nl\\\/#\\\/schema\\\/logo\\\/image\\\/\"}}]}<\/script>\n<!-- \/ Yoast SEO plugin. -->","yoast_head_json":{"title":"\u00dcber Ton Merckx \u2013 Ton Merckx Radsport-Shirts \u2013 Tour durch die Welt der Radsport-Shirts","robots":{"index":"index","follow":"follow","max-snippet":"max-snippet:-1","max-image-preview":"max-image-preview:large","max-video-preview":"max-video-preview:-1"},"canonical":"https:\/\/mail.ton-merckx-wielershirts.nl\/over-ton-merckx\/","og_locale":"de_DE","og_type":"article","og_title":"Over Ton Merckx - Ton Merckx Wielershirts - Rondreis door de wereld van wielershirts","og_description":"De website die u zo dadelijk gaat bezoeken is het resultaat van meer dan 30 jaar verzamelen.Geen postzegels of sigarenbandjes (die ik natuurlijk ook verzameld heb in mijn jeugdjaren) maar WIELERSHIRTS, en dan ook nog alleen wielershirts van profploegen. In 1983 ben ik daarmee begonnen, nadat ik het natourcriterium van Valkenswaard had bezocht. Tijdens dat [&hellip;]","og_url":"https:\/\/mail.ton-merckx-wielershirts.nl\/over-ton-merckx\/","og_site_name":"Ton Merckx Wielershirts - Rondreis door de wereld van wielershirts","article_modified_time":"2023-09-04T18:17:34+00:00","og_image":[{"url":"https:\/\/tonmerckxwielershirts.nl\/wp-content\/uploads\/2023\/03\/over-ton-merckx-1024x473.jpg","type":"","width":"","height":""}],"twitter_card":"summary_large_image","twitter_misc":{"Gesch\u00e4tzte Lesezeit":"5\u00a0Minuten"},"schema":{"@context":"https:\/\/schema.org","@graph":[{"@type":"WebPage","@id":"https:\/\/mail.ton-merckx-wielershirts.nl\/over-ton-merckx\/","url":"https:\/\/mail.ton-merckx-wielershirts.nl\/over-ton-merckx\/","name":"\u00dcber Ton Merckx \u2013 Ton Merckx Radsport-Shirts \u2013 Tour durch die Welt der Radsport-Shirts","isPartOf":{"@id":"https:\/\/mail.ton-merckx-wielershirts.nl\/#website"},"primaryImageOfPage":{"@id":"https:\/\/mail.ton-merckx-wielershirts.nl\/over-ton-merckx\/#primaryimage"},"image":{"@id":"https:\/\/mail.ton-merckx-wielershirts.nl\/over-ton-merckx\/#primaryimage"},"thumbnailUrl":"https:\/\/tonmerckxwielershirts.nl\/wp-content\/uploads\/2023\/03\/over-ton-merckx-1024x473.jpg","datePublished":"2023-03-13T20:20:53+00:00","dateModified":"2023-09-04T18:17:34+00:00","breadcrumb":{"@id":"https:\/\/mail.ton-merckx-wielershirts.nl\/over-ton-merckx\/#breadcrumb"},"inLanguage":"de","potentialAction":[{"@type":"ReadAction","target":["https:\/\/mail.ton-merckx-wielershirts.nl\/over-ton-merckx\/"]}]},{"@type":"ImageObject","inLanguage":"de","@id":"https:\/\/mail.ton-merckx-wielershirts.nl\/over-ton-merckx\/#primaryimage","url":"https:\/\/tonmerckxwielershirts.nl\/wp-content\/uploads\/2023\/03\/over-ton-merckx-1024x473.jpg","contentUrl":"https:\/\/tonmerckxwielershirts.nl\/wp-content\/uploads\/2023\/03\/over-ton-merckx-1024x473.jpg"},{"@type":"BreadcrumbList","@id":"https:\/\/mail.ton-merckx-wielershirts.nl\/over-ton-merckx\/#breadcrumb","itemListElement":[{"@type":"ListItem","position":1,"name":"Home","item":"https:\/\/mail.ton-merckx-wielershirts.nl\/"},{"@type":"ListItem","position":2,"name":"Over Ton Merckx"}]},{"@type":"WebSite","@id":"https:\/\/mail.ton-merckx-wielershirts.nl\/#website","url":"https:\/\/mail.ton-merckx-wielershirts.nl\/","name":"Ton Merckx Radsport-Shirts \u2013 Tour durch die Welt der Radsport-Shirts","description":"Tausende originale Radtrikots \u2013 bestellen Sie Ihr Replikat!","publisher":{"@id":"https:\/\/mail.ton-merckx-wielershirts.nl\/#organization"},"potentialAction":[{"@type":"SearchAction","target":{"@type":"EntryPoint","urlTemplate":"https:\/\/mail.ton-merckx-wielershirts.nl\/?s={search_term_string}"},"query-input":{"@type":"PropertyValueSpecification","valueRequired":true,"valueName":"search_term_string"}}],"inLanguage":"de"},{"@type":"Organization","@id":"https:\/\/mail.ton-merckx-wielershirts.nl\/#organization","name":"Ton Merckx Radsport-Shirts \u2013 Tour durch die Welt der Radsport-Shirts","url":"https:\/\/mail.ton-merckx-wielershirts.nl\/","logo":{"@type":"ImageObject","inLanguage":"de","@id":"https:\/\/mail.ton-merckx-wielershirts.nl\/#\/schema\/logo\/image\/","url":"https:\/\/mail.cyclingoriginals.com\/wp-content\/uploads\/2023\/03\/ton-merckx-logo.jpg","contentUrl":"https:\/\/mail.cyclingoriginals.com\/wp-content\/uploads\/2023\/03\/ton-merckx-logo.jpg","width":391,"height":57,"caption":"Ton Merckx Wielershirts - Rondreis door de wereld van wielershirts"},"image":{"@id":"https:\/\/mail.ton-merckx-wielershirts.nl\/#\/schema\/logo\/image\/"}}]}},"_links":{"self":[{"href":"https:\/\/mail.cyclingoriginals.com\/de\/wp-json\/wp\/v2\/pages\/5257","targetHints":{"allow":["GET"]}}],"collection":[{"href":"https:\/\/mail.cyclingoriginals.com\/de\/wp-json\/wp\/v2\/pages"}],"about":[{"href":"https:\/\/mail.cyclingoriginals.com\/de\/wp-json\/wp\/v2\/types\/page"}],"author":[{"embeddable":true,"href":"https:\/\/mail.cyclingoriginals.com\/de\/wp-json\/wp\/v2\/users\/1"}],"replies":[{"embeddable":true,"href":"https:\/\/mail.cyclingoriginals.com\/de\/wp-json\/wp\/v2\/comments?post=5257"}],"version-history":[{"count":55,"href":"https:\/\/mail.cyclingoriginals.com\/de\/wp-json\/wp\/v2\/pages\/5257\/revisions"}],"predecessor-version":[{"id":27612,"href":"https:\/\/mail.cyclingoriginals.com\/de\/wp-json\/wp\/v2\/pages\/5257\/revisions\/27612"}],"wp:attachment":[{"href":"https:\/\/mail.cyclingoriginals.com\/de\/wp-json\/wp\/v2\/media?parent=5257"}],"curies":[{"name":"wp","href":"https:\/\/api.w.org\/{rel}","templated":true}]}}