{"id":27592,"date":"2023-08-17T16:32:07","date_gmt":"2023-08-17T14:32:07","guid":{"rendered":"https:\/\/mail.cyclingoriginals.com\/?page_id=27592"},"modified":"2023-08-17T16:51:46","modified_gmt":"2023-08-17T14:51:46","slug":"beschwerdeformular","status":"publish","type":"page","link":"https:\/\/mail.cyclingoriginals.com\/de\/klachtenformulier\/","title":{"rendered":"Beschwerdeformular"},"content":{"rendered":"<div data-elementor-type=\"wp-page\" data-elementor-id=\"27592\" class=\"elementor elementor-27592\">\n\t\t\t\t\t\t<section class=\"elementor-section elementor-top-section elementor-element elementor-element-72693be elementor-section-boxed elementor-section-height-default elementor-section-height-default\" data-id=\"72693be\" data-element_type=\"section\" data-e-type=\"section\">\n\t\t\t\t\t\t<div class=\"elementor-container elementor-column-gap-default\">\n\t\t\t\t\t<div class=\"elementor-column elementor-col-100 elementor-top-column elementor-element elementor-element-e7bdcd5\" data-id=\"e7bdcd5\" data-element_type=\"column\" data-e-type=\"column\">\n\t\t\t<div class=\"elementor-widget-wrap elementor-element-populated\">\n\t\t\t\t\t\t<div class=\"elementor-element elementor-element-08c39b4 elementor-widget elementor-widget-text-editor\" data-id=\"08c39b4\" data-element_type=\"widget\" data-e-type=\"widget\" data-widget_type=\"text-editor.default\">\n\t\t\t\t<div class=\"elementor-widget-container\">\n\t\t\t\t\t\t\t\t\t<p><b>BESCHWERDEFORMULAR<\/b><\/p><p>\u00a0<\/p><p><span style=\"font-weight: 400;\">Hier k\u00f6nnen Sie eine Reklamation bez\u00fcglich Ihrer Bestellung einer Nachbildung der Original-Fahrradbekleidung einreichen. Wir entschuldigen uns f\u00fcr etwaige Probleme, die bei Ihrem Kauf aufgetreten sind.<\/span><\/p><p>\u00a0<\/p><p><span style=\"font-weight: 400;\">Um Ihre Beschwerde bearbeiten zu k\u00f6nnen, bitten wir Sie, das untenstehende Formular auszuf\u00fcllen. Bitte f\u00fcllen Sie alle erforderlichen Felder aus und laden Sie Fotos hoch, um Ihre Beschwerde zu untermauern.<\/span><\/p><p>\u00a0<\/p><p><i><span style=\"font-weight: 400;\">Abweichungen im Design oder in der Farbe<\/span><\/i><\/p><p><span style=\"font-weight: 400;\">Unter Hinweis auf unsere AGB zur Individualisierung k\u00f6nnen nur gr\u00f6\u00dfere Abweichungen im Design oder in der Farbe bearbeitet werden. Wenn Ihnen dies aufgefallen ist, k\u00f6nnen Sie die Beschwerde unten einreichen und erl\u00e4utern. Bitte laden Sie auch Fotos der Abweichung hoch.<\/span><\/p><p>\u00a0<\/p><p><i><span style=\"font-weight: 400;\">Falsche Gr\u00f6\u00dfe\u00a0<\/span><\/i><\/p><p><span style=\"font-weight: 400;\">Sollten die Ma\u00dfe nicht stimmen \u2013 also von der Gr\u00f6\u00dfentabelle abweichen \u2013 k\u00f6nnen Sie dies weiter unten n\u00e4her erl\u00e4utern. Bitte laden Sie auch Fotos der Abweichung von der Gr\u00f6\u00dfentabelle hoch.<\/span><\/p><p>\u00a0<\/p><p><i><span style=\"font-weight: 400;\">Nicht erhalten<\/span><\/i><\/p><p><span style=\"font-weight: 400;\">Wenn Sie die Bestellung (noch) nicht erhalten haben, k\u00f6nnen Sie die Beschwerde unten n\u00e4her erl\u00e4utern.<\/span><\/p>\t\t\t\t\t\t\t\t<\/div>\n\t\t\t\t<\/div>\n\t\t\t\t\t<\/div>\n\t\t<\/div>\n\t\t\t\t\t<\/div>\n\t\t<\/section>\n\t\t\t\t<section class=\"elementor-section elementor-top-section elementor-element elementor-element-ce9ea55 elementor-section-boxed elementor-section-height-default elementor-section-height-default\" data-id=\"ce9ea55\" data-element_type=\"section\" data-e-type=\"section\">\n\t\t\t\t\t\t<div class=\"elementor-container elementor-column-gap-default\">\n\t\t\t\t\t<div class=\"elementor-column elementor-col-100 elementor-top-column elementor-element elementor-element-bf153a9\" data-id=\"bf153a9\" data-element_type=\"column\" data-e-type=\"column\">\n\t\t\t<div class=\"elementor-widget-wrap elementor-element-populated\">\n\t\t\t\t\t\t<div class=\"elementor-element elementor-element-5ea963a elementor-widget elementor-widget-shortcode\" data-id=\"5ea963a\" data-element_type=\"widget\" data-e-type=\"widget\" data-widget_type=\"shortcode.default\">\n\t\t\t\t<div class=\"elementor-widget-container\">\n\t\t\t\t\t\t\t<div class=\"elementor-shortcode\">\n<div class=\"wpcf7 no-js\" id=\"wpcf7-f27597-o1\" lang=\"en-US\" dir=\"ltr\" data-wpcf7-id=\"27597\">\n<div class=\"screen-reader-response\"><p role=\"status\" aria-live=\"polite\" aria-atomic=\"true\"><\/p> <ul><\/ul><\/div>\n<form action=\"\/de\/wp-json\/wp\/v2\/pages\/27592#wpcf7-f27597-o1\" method=\"post\" class=\"wpcf7-form init\" aria-label=\"Kontakt Formular\" novalidate=\"novalidate\" data-status=\"init\" data-trp-original-action=\"\/de\/wp-json\/wp\/v2\/pages\/27592#wpcf7-f27597-o1\">\n<fieldset class=\"hidden-fields-container\"><input type=\"hidden\" name=\"_wpcf7\" value=\"27597\" \/><input type=\"hidden\" name=\"_wpcf7_version\" value=\"6.1.5\" \/><input type=\"hidden\" name=\"_wpcf7_locale\" value=\"en_US\" \/><input type=\"hidden\" name=\"_wpcf7_unit_tag\" value=\"wpcf7-f27597-o1\" \/><input type=\"hidden\" name=\"_wpcf7_container_post\" value=\"0\" \/><input type=\"hidden\" name=\"_wpcf7_posted_data_hash\" value=\"\" \/><input type=\"hidden\" name=\"_wpcf7_recaptcha_response\" value=\"\" \/>\n<\/fieldset>\n<p><label><strong>Geben Sie die Bestelldetails ein<\/strong><\/label>\n<\/p>\n<table>\n\t<tr>\n\t\t<td>\n\t\t\t<p>Bestellnummer:\n\t\t\t<\/p>\n\t\t<\/td>\n\t\t<td>\n\t\t\t<p><span class=\"wpcf7-form-control-wrap\" data-name=\"tmrw-order\"><input size=\"40\" maxlength=\"400\" class=\"wpcf7-form-control wpcf7-text wpcf7-validates-as-required\" aria-required=\"true\" aria-invalid=\"false\" value=\"\" type=\"text\" name=\"tmrw-order\" \/><\/span>\n\t\t\t<\/p>\n\t\t<\/td>\n\t<\/tr>\n\t<tr>\n\t\t<td>\n\t\t\t<p>Name:\n\t\t\t<\/p>\n\t\t<\/td>\n\t\t<td>\n\t\t\t<p><span class=\"wpcf7-form-control-wrap\" data-name=\"tmrw-name\"><input size=\"40\" maxlength=\"400\" class=\"wpcf7-form-control wpcf7-text wpcf7-validates-as-required\" aria-required=\"true\" aria-invalid=\"false\" value=\"\" type=\"text\" name=\"tmrw-name\" \/><\/span>\n\t\t\t<\/p>\n\t\t<\/td>\n\t<\/tr>\n\t<tr>\n\t\t<td>\n\t\t\t<p>Telefonnummer:\n\t\t\t<\/p>\n\t\t<\/td>\n\t\t<td>\n\t\t\t<p><span class=\"wpcf7-form-control-wrap\" data-name=\"tmrw-telephone\"><input size=\"40\" maxlength=\"400\" class=\"wpcf7-form-control wpcf7-tel wpcf7-validates-as-required wpcf7-text wpcf7-validates-as-tel\" aria-required=\"true\" aria-invalid=\"false\" value=\"\" type=\"tel\" name=\"tmrw-telephone\" \/><\/span>\n\t\t\t<\/p>\n\t\t<\/td>\n\t<\/tr>\n\t<tr>\n\t\t<td>\n\t\t\t<p>E-Mail-Adresse:\n\t\t\t<\/p>\n\t\t<\/td>\n\t\t<td>\n\t\t\t<p><span class=\"wpcf7-form-control-wrap\" data-name=\"tmrw-email\"><input size=\"40\" maxlength=\"400\" class=\"wpcf7-form-control wpcf7-email wpcf7-validates-as-required wpcf7-text wpcf7-validates-as-email\" aria-required=\"true\" aria-invalid=\"false\" value=\"\" type=\"email\" name=\"tmrw-email\" \/><\/span>\n\t\t\t<\/p>\n\t\t<\/td>\n\t<\/tr>\n<\/table>\n<p><label><strong>Beschreiben Sie Ihre Beschwerde<\/strong><\/label><br \/>\n<span class=\"wpcf7-form-control-wrap\" data-name=\"tmrw-complaint\"><textarea cols=\"40\" rows=\"10\" maxlength=\"2000\" class=\"wpcf7-form-control wpcf7-textarea wpcf7-validates-as-required\" aria-required=\"true\" aria-invalid=\"false\" name=\"tmrw-complaint\"><\/textarea><\/span>\n<\/p>\n<p><label><strong>Laden Sie relevante Fotos hoch (jpg\/jpeg\/png)<\/strong> (nur bei Abweichungen oder falscher Gr\u00f6\u00dfe)<\/label><br \/>\n<span class=\"wpcf7-form-control-wrap\" data-name=\"tmrw-images\"><input size=\"40\" class=\"wpcf7-form-control wpcf7-drag-n-drop-file d-none\" aria-invalid=\"false\" type=\"file\" multiple=\"multiple\" data-name=\"tmrw-images\" data-type=\"jpg|jpeg|png\" data-max=\"5\" data-id=\"27597\" data-version=\"free version 1.3.9.6\" accept=\".jpg, .jpeg, .png\" \/><\/span>\n<\/p>\n<p><input class=\"wpcf7-form-control wpcf7-submit has-spinner\" type=\"submit\" value=\"Schicken\" \/>\n<\/p><div class=\"wpcf7-response-output\" aria-hidden=\"true\"><\/div>\n<input type=\"hidden\" name=\"trp-form-language\" value=\"de\"\/><\/form>\n<\/div>\n<\/div>\n\t\t\t\t\t\t<\/div>\n\t\t\t\t<\/div>\n\t\t\t\t\t<\/div>\n\t\t<\/div>\n\t\t\t\t\t<\/div>\n\t\t<\/section>\n\t\t\t\t<\/div>","protected":false},"excerpt":{"rendered":"<p>KLACHTENFORMULIER \u00a0 Hier kan je een klacht indienen met betrekking tot je bestelling van een replica van de originele wielerkleding. Onze excuses voor eventuele problemen die je hebt ondervonden bij je aankoop. \u00a0 Om je klacht te kunnen behandelen, vragen wij je vriendelijk om het onderstaande formulier in te vullen. Gelieve alle verplichte velden in [&hellip;]<\/p>\n","protected":false},"author":1,"featured_media":0,"parent":0,"menu_order":0,"comment_status":"closed","ping_status":"closed","template":"","meta":{"footnotes":""},"class_list":["post-27592","page","type-page","status-publish","hentry"],"yoast_head":"<!-- This site is optimized with the Yoast SEO plugin v27.3 - https:\/\/yoast.com\/product\/yoast-seo-wordpress\/ -->\n<title>Klachtenformulier - Ton Merckx Wielershirts - Rondreis door de wereld van wielershirts<\/title>\n<meta name=\"robots\" content=\"index, follow, max-snippet:-1, max-image-preview:large, max-video-preview:-1\" \/>\n<link rel=\"canonical\" href=\"https:\/\/mail.tonmerckxwielershirts.nl\/it\/modulo-di-reclamo\/\" \/>\n<meta property=\"og:locale\" content=\"de_DE\" \/>\n<meta property=\"og:type\" content=\"article\" \/>\n<meta property=\"og:title\" content=\"Klachtenformulier - Ton Merckx Wielershirts - Rondreis door de wereld van wielershirts\" \/>\n<meta property=\"og:description\" content=\"KLACHTENFORMULIER \u00a0 Hier kan je een klacht indienen met betrekking tot je bestelling van een replica van de originele wielerkleding. Onze excuses voor eventuele problemen die je hebt ondervonden bij je aankoop. \u00a0 Om je klacht te kunnen behandelen, vragen wij je vriendelijk om het onderstaande formulier in te vullen. Gelieve alle verplichte velden in [&hellip;]\" \/>\n<meta property=\"og:url\" content=\"https:\/\/mail.tonmerckxwielershirts.nl\/it\/modulo-di-reclamo\/\" \/>\n<meta property=\"og:site_name\" content=\"Ton Merckx Wielershirts - Rondreis door de wereld van wielershirts\" \/>\n<meta property=\"article:modified_time\" content=\"2023-08-17T14:51:46+00:00\" \/>\n<meta name=\"twitter:card\" content=\"summary_large_image\" \/>\n<meta name=\"twitter:label1\" content=\"Gesch\u00e4tzte Lesezeit\" \/>\n\t<meta name=\"twitter:data1\" content=\"1\u00a0Minute\" \/>\n<script type=\"application\/ld+json\" class=\"yoast-schema-graph\">{\"@context\":\"https:\\\/\\\/schema.org\",\"@graph\":[{\"@type\":\"WebPage\",\"@id\":\"https:\\\/\\\/mail.tonmerckxwielershirts.nl\\\/it\\\/modulo-di-reclamo\\\/\",\"url\":\"https:\\\/\\\/mail.tonmerckxwielershirts.nl\\\/it\\\/modulo-di-reclamo\\\/\",\"name\":\"Klachtenformulier - Ton Merckx Wielershirts - Rondreis door de wereld van wielershirts\",\"isPartOf\":{\"@id\":\"https:\\\/\\\/mail.ton-merckx-wielershirts.nl\\\/#website\"},\"datePublished\":\"2023-08-17T14:32:07+00:00\",\"dateModified\":\"2023-08-17T14:51:46+00:00\",\"breadcrumb\":{\"@id\":\"https:\\\/\\\/mail.tonmerckxwielershirts.nl\\\/it\\\/modulo-di-reclamo\\\/#breadcrumb\"},\"inLanguage\":\"de\",\"potentialAction\":[{\"@type\":\"ReadAction\",\"target\":[\"https:\\\/\\\/mail.tonmerckxwielershirts.nl\\\/it\\\/modulo-di-reclamo\\\/\"]}]},{\"@type\":\"BreadcrumbList\",\"@id\":\"https:\\\/\\\/mail.tonmerckxwielershirts.nl\\\/it\\\/modulo-di-reclamo\\\/#breadcrumb\",\"itemListElement\":[{\"@type\":\"ListItem\",\"position\":1,\"name\":\"Home\",\"item\":\"https:\\\/\\\/mail.ton-merckx-wielershirts.nl\\\/\"},{\"@type\":\"ListItem\",\"position\":2,\"name\":\"Klachtenformulier\"}]},{\"@type\":\"WebSite\",\"@id\":\"https:\\\/\\\/mail.ton-merckx-wielershirts.nl\\\/#website\",\"url\":\"https:\\\/\\\/mail.ton-merckx-wielershirts.nl\\\/\",\"name\":\"Ton Merckx Wielershirts - Rondreis door de wereld van wielershirts\",\"description\":\"thousands of original cycling jerseys - order your replica!\",\"publisher\":{\"@id\":\"https:\\\/\\\/mail.ton-merckx-wielershirts.nl\\\/#organization\"},\"potentialAction\":[{\"@type\":\"SearchAction\",\"target\":{\"@type\":\"EntryPoint\",\"urlTemplate\":\"https:\\\/\\\/mail.ton-merckx-wielershirts.nl\\\/?s={search_term_string}\"},\"query-input\":{\"@type\":\"PropertyValueSpecification\",\"valueRequired\":true,\"valueName\":\"search_term_string\"}}],\"inLanguage\":\"de\"},{\"@type\":\"Organization\",\"@id\":\"https:\\\/\\\/mail.ton-merckx-wielershirts.nl\\\/#organization\",\"name\":\"Ton Merckx Wielershirts - Rondreis door de wereld van wielershirts\",\"url\":\"https:\\\/\\\/mail.ton-merckx-wielershirts.nl\\\/\",\"logo\":{\"@type\":\"ImageObject\",\"inLanguage\":\"de\",\"@id\":\"https:\\\/\\\/mail.ton-merckx-wielershirts.nl\\\/#\\\/schema\\\/logo\\\/image\\\/\",\"url\":\"https:\\\/\\\/mail.cyclingoriginals.com\\\/wp-content\\\/uploads\\\/2023\\\/03\\\/ton-merckx-logo.jpg\",\"contentUrl\":\"https:\\\/\\\/mail.cyclingoriginals.com\\\/wp-content\\\/uploads\\\/2023\\\/03\\\/ton-merckx-logo.jpg\",\"width\":391,\"height\":57,\"caption\":\"Ton Merckx Wielershirts - Rondreis door de wereld van wielershirts\"},\"image\":{\"@id\":\"https:\\\/\\\/mail.ton-merckx-wielershirts.nl\\\/#\\\/schema\\\/logo\\\/image\\\/\"}}]}<\/script>\n<!-- \/ Yoast SEO plugin. -->","yoast_head_json":{"title":"Beschwerdeformular - Ton Merckx Radsport-Shirts \u2013 Tour durch die Welt der Radsport-Shirts","robots":{"index":"index","follow":"follow","max-snippet":"max-snippet:-1","max-image-preview":"max-image-preview:large","max-video-preview":"max-video-preview:-1"},"canonical":"https:\/\/mail.tonmerckxwielershirts.nl\/it\/modulo-di-reclamo\/","og_locale":"de_DE","og_type":"article","og_title":"Klachtenformulier - Ton Merckx Wielershirts - Rondreis door de wereld van wielershirts","og_description":"KLACHTENFORMULIER \u00a0 Hier kan je een klacht indienen met betrekking tot je bestelling van een replica van de originele wielerkleding. Onze excuses voor eventuele problemen die je hebt ondervonden bij je aankoop. \u00a0 Om je klacht te kunnen behandelen, vragen wij je vriendelijk om het onderstaande formulier in te vullen. Gelieve alle verplichte velden in [&hellip;]","og_url":"https:\/\/mail.tonmerckxwielershirts.nl\/it\/modulo-di-reclamo\/","og_site_name":"Ton Merckx Wielershirts - Rondreis door de wereld van wielershirts","article_modified_time":"2023-08-17T14:51:46+00:00","twitter_card":"summary_large_image","twitter_misc":{"Gesch\u00e4tzte Lesezeit":"1\u00a0Minute"},"schema":{"@context":"https:\/\/schema.org","@graph":[{"@type":"WebPage","@id":"https:\/\/mail.tonmerckxwielershirts.nl\/it\/modulo-di-reclamo\/","url":"https:\/\/mail.tonmerckxwielershirts.nl\/it\/modulo-di-reclamo\/","name":"Beschwerdeformular - Ton Merckx Radsport-Shirts \u2013 Tour durch die Welt der Radsport-Shirts","isPartOf":{"@id":"https:\/\/mail.ton-merckx-wielershirts.nl\/#website"},"datePublished":"2023-08-17T14:32:07+00:00","dateModified":"2023-08-17T14:51:46+00:00","breadcrumb":{"@id":"https:\/\/mail.tonmerckxwielershirts.nl\/it\/modulo-di-reclamo\/#breadcrumb"},"inLanguage":"de","potentialAction":[{"@type":"ReadAction","target":["https:\/\/mail.tonmerckxwielershirts.nl\/it\/modulo-di-reclamo\/"]}]},{"@type":"BreadcrumbList","@id":"https:\/\/mail.tonmerckxwielershirts.nl\/it\/modulo-di-reclamo\/#breadcrumb","itemListElement":[{"@type":"ListItem","position":1,"name":"Home","item":"https:\/\/mail.ton-merckx-wielershirts.nl\/"},{"@type":"ListItem","position":2,"name":"Klachtenformulier"}]},{"@type":"WebSite","@id":"https:\/\/mail.ton-merckx-wielershirts.nl\/#website","url":"https:\/\/mail.ton-merckx-wielershirts.nl\/","name":"Ton Merckx Radsport-Shirts \u2013 Tour durch die Welt der Radsport-Shirts","description":"Tausende originale Radtrikots \u2013 bestellen Sie Ihr Replikat!","publisher":{"@id":"https:\/\/mail.ton-merckx-wielershirts.nl\/#organization"},"potentialAction":[{"@type":"SearchAction","target":{"@type":"EntryPoint","urlTemplate":"https:\/\/mail.ton-merckx-wielershirts.nl\/?s={search_term_string}"},"query-input":{"@type":"PropertyValueSpecification","valueRequired":true,"valueName":"search_term_string"}}],"inLanguage":"de"},{"@type":"Organization","@id":"https:\/\/mail.ton-merckx-wielershirts.nl\/#organization","name":"Ton Merckx Radsport-Shirts \u2013 Tour durch die Welt der Radsport-Shirts","url":"https:\/\/mail.ton-merckx-wielershirts.nl\/","logo":{"@type":"ImageObject","inLanguage":"de","@id":"https:\/\/mail.ton-merckx-wielershirts.nl\/#\/schema\/logo\/image\/","url":"https:\/\/mail.cyclingoriginals.com\/wp-content\/uploads\/2023\/03\/ton-merckx-logo.jpg","contentUrl":"https:\/\/mail.cyclingoriginals.com\/wp-content\/uploads\/2023\/03\/ton-merckx-logo.jpg","width":391,"height":57,"caption":"Ton Merckx Wielershirts - Rondreis door de wereld van wielershirts"},"image":{"@id":"https:\/\/mail.ton-merckx-wielershirts.nl\/#\/schema\/logo\/image\/"}}]}},"_links":{"self":[{"href":"https:\/\/mail.cyclingoriginals.com\/de\/wp-json\/wp\/v2\/pages\/27592","targetHints":{"allow":["GET"]}}],"collection":[{"href":"https:\/\/mail.cyclingoriginals.com\/de\/wp-json\/wp\/v2\/pages"}],"about":[{"href":"https:\/\/mail.cyclingoriginals.com\/de\/wp-json\/wp\/v2\/types\/page"}],"author":[{"embeddable":true,"href":"https:\/\/mail.cyclingoriginals.com\/de\/wp-json\/wp\/v2\/users\/1"}],"replies":[{"embeddable":true,"href":"https:\/\/mail.cyclingoriginals.com\/de\/wp-json\/wp\/v2\/comments?post=27592"}],"version-history":[{"count":7,"href":"https:\/\/mail.cyclingoriginals.com\/de\/wp-json\/wp\/v2\/pages\/27592\/revisions"}],"predecessor-version":[{"id":27600,"href":"https:\/\/mail.cyclingoriginals.com\/de\/wp-json\/wp\/v2\/pages\/27592\/revisions\/27600"}],"wp:attachment":[{"href":"https:\/\/mail.cyclingoriginals.com\/de\/wp-json\/wp\/v2\/media?parent=27592"}],"curies":[{"name":"wp","href":"https:\/\/api.w.org\/{rel}","templated":true}]}}